{"id":1207,"date":"2022-02-02T08:40:48","date_gmt":"2022-02-02T07:40:48","guid":{"rendered":"https:\/\/voracamping.no\/?page_id=1207"},"modified":"2022-08-04T12:12:09","modified_gmt":"2022-08-04T11:12:09","slug":"personvernerklaering","status":"publish","type":"page","link":"https:\/\/voracamping.no\/en\/personvernerklaering\/","title":{"rendered":"Personvernerkl\u00e6ring"},"content":{"rendered":"<div data-elementor-type=\"wp-page\" data-elementor-id=\"1207\" class=\"elementor elementor-1207\" data-elementor-post-type=\"page\">\n\t\t\t\t\t\t<section class=\"elementor-section elementor-top-section elementor-element elementor-element-34a09c22 elementor-section-boxed elementor-section-height-default elementor-section-height-default\" data-id=\"34a09c22\" data-element_type=\"section\" data-settings=\"{&quot;background_background&quot;:&quot;classic&quot;,&quot;shape_divider_bottom&quot;:&quot;pyramids&quot;,&quot;shape_divider_bottom_negative&quot;:&quot;yes&quot;}\">\n\t\t\t\t\t\t\t<div class=\"elementor-background-overlay\"><\/div>\n\t\t\t\t\t\t<div class=\"elementor-shape elementor-shape-bottom\" aria-hidden=\"true\" data-negative=\"true\">\n\t\t\t<svg xmlns=\"http:\/\/www.w3.org\/2000\/svg\" viewbox=\"0 0 1000 100\" preserveaspectratio=\"none\">\n\t<path class=\"elementor-shape-fill\" d=\"M761.9,40.6L643.1,24L333.9,93.8L0.1,1H0v99h1000V1\"\/>\n<\/svg>\t\t<\/div>\n\t\t\t\t\t<div class=\"elementor-container elementor-column-gap-no\">\n\t\t\t\t\t<div class=\"elementor-column elementor-col-100 elementor-top-column elementor-element elementor-element-ef3f805\" data-id=\"ef3f805\" data-element_type=\"column\">\n\t\t\t<div class=\"elementor-widget-wrap elementor-element-populated\">\n\t\t\t\t\t\t<div class=\"elementor-element elementor-element-66087393 elementor-widget elementor-widget-heading\" data-id=\"66087393\" data-element_type=\"widget\" data-widget_type=\"heading.default\">\n\t\t\t\t<div class=\"elementor-widget-container\">\n\t\t\t\t\t<h1 class=\"elementor-heading-title elementor-size-default\">Personvernerkl\u00e6ring<\/h1>\t\t\t\t<\/div>\n\t\t\t\t<\/div>\n\t\t\t\t\t<\/div>\n\t\t<\/div>\n\t\t\t\t\t<\/div>\n\t\t<\/section>\n\t\t\t\t<section class=\"elementor-section elementor-top-section elementor-element elementor-element-f98147f elementor-section-boxed elementor-section-height-default elementor-section-height-default\" data-id=\"f98147f\" data-element_type=\"section\">\n\t\t\t\t\t\t<div class=\"elementor-container elementor-column-gap-default\">\n\t\t\t\t\t<div class=\"elementor-column elementor-col-100 elementor-top-column elementor-element elementor-element-ed42257\" data-id=\"ed42257\" data-element_type=\"column\">\n\t\t\t<div class=\"elementor-widget-wrap elementor-element-populated\">\n\t\t\t\t\t\t<div class=\"elementor-element elementor-element-de760a9 elementor-widget elementor-widget-heading\" data-id=\"de760a9\" data-element_type=\"widget\" data-widget_type=\"heading.default\">\n\t\t\t\t<div class=\"elementor-widget-container\">\n\t\t\t\t\t<h2 class=\"elementor-heading-title elementor-size-default\">1  Innledning<\/h2>\t\t\t\t<\/div>\n\t\t\t\t<\/div>\n\t\t\t\t<div class=\"elementor-element elementor-element-ab101a6 elementor-widget elementor-widget-text-editor\" data-id=\"ab101a6\" data-element_type=\"widget\" data-widget_type=\"text-editor.default\">\n\t\t\t\t<div class=\"elementor-widget-container\">\n\t\t\t\t\t\t\t\t\t<p class=\"intercom-align-left\"><b>V\u00f8ra Camping<\/b>\u00a0(&laquo;vi&raquo;) er opptatt av at du skal ha tillit til oss og hvordan vi behandler dine personopplysninger. I denne personvernerkl\u00e6ringen forklarer vi derfor hvorfor vi samler inn informasjon om deg, hvordan vi bruker denne informasjonen og hvordan vi tar hensyn til ditt personvern.\u00a0<\/p><p class=\"intercom-align-left\">Personopplysninger er opplysninger og vurderinger som kan knyttes til en identifiserbar enkeltperson. Dette kan for eksempel v\u00e6re navn og kontaktinformasjon, kj\u00f8pshistorikk eller informasjon om interesser.\u00a0<\/p><p class=\"intercom-align-left\">Bruk av personopplysninger m\u00e5 f\u00f8lge personopplysningsloven. Vi, som behandlingsansvarlig, vil s\u00f8rge for at vi bruker personopplysninger om deg i samsvar med lovens regler.<\/p>\t\t\t\t\t\t\t\t<\/div>\n\t\t\t\t<\/div>\n\t\t\t\t<div class=\"elementor-element elementor-element-67f97ca elementor-widget elementor-widget-heading\" data-id=\"67f97ca\" data-element_type=\"widget\" data-widget_type=\"heading.default\">\n\t\t\t\t<div class=\"elementor-widget-container\">\n\t\t\t\t\t<h2 class=\"elementor-heading-title elementor-size-default\">2  Hvilke personopplysninger har vi om deg<\/h2>\t\t\t\t<\/div>\n\t\t\t\t<\/div>\n\t\t\t\t<div class=\"elementor-element elementor-element-ef793ad elementor-widget elementor-widget-text-editor\" data-id=\"ef793ad\" data-element_type=\"widget\" data-widget_type=\"text-editor.default\">\n\t\t\t\t<div class=\"elementor-widget-container\">\n\t\t\t\t\t\t\t\t\t<p>Avhengig av hvilken informasjon du gir oss, hvordan du bruker v\u00e5re tjenester, og hvilke tillatelser du gir oss, har vi disse opplysningene om deg:<\/p><ul><li><p class=\"no-margin\"><b>Opplysninger om deg:<\/b> Informasjon du oppgir n\u00e5r du oppretter en brukerkonto eller bestiller billetter, som navn, adresse, telefonnummer og e-postadresse. Du kan velge \u00e5 gi oss mer informasjon om deg selv, som kj\u00f8nn og bursdagsdato.\u00a0<\/p><\/li><li><p class=\"no-margin\"><b>Kommunikasjon: <\/b>Informasjon du gir oss n\u00e5r du har kontakt med v\u00e5rt kundesenter, som eposter sendt mellom oss.\u00a0<\/p><\/li><li><p class=\"no-margin\"><b>Opplysninger om bruk p\u00e5 nettsidene: <\/b>Informasjon vi f\u00e5r n\u00e5r du bruker v\u00e5r nettside og app, som hva slags enhet du har (f.eks. mobil eller PC), IP-adresse, hvilke sider du bes\u00f8ker og hvilke funksjoner du bruker der.\u00a0<\/p><\/li><li><p class=\"no-margin\"><b>Opplysninger fra partnere:<\/b> Informasjon vi f\u00e5r fra v\u00e5re samarbeidspartnere, som [xxx]. Partnerne gir oss informasjon om hvilke teaterforestillinger, konserter, kinoer og andre forestillinger du har bes\u00f8kt.\u00a0<\/p><\/li><li><p class=\"no-margin\"><b>Profileringsopplysninger:<\/b> Informasjon og antakelser vi lager automatisk basert p\u00e5 de andre opplysningene (nevnt ovenfor) vi har om deg, som dine preferanser og interesser og hvilke demografiske grupper du tilh\u00f8rer, med mindre du har motsatt deg dette.<\/p><\/li><\/ul>\t\t\t\t\t\t\t\t<\/div>\n\t\t\t\t<\/div>\n\t\t\t\t<div class=\"elementor-element elementor-element-0f4539e elementor-widget elementor-widget-heading\" data-id=\"0f4539e\" data-element_type=\"widget\" data-widget_type=\"heading.default\">\n\t\t\t\t<div class=\"elementor-widget-container\">\n\t\t\t\t\t<h2 class=\"elementor-heading-title elementor-size-default\">3  Hva bruker vi personopplysningene til<\/h2>\t\t\t\t<\/div>\n\t\t\t\t<\/div>\n\t\t\t\t<div class=\"elementor-element elementor-element-b621fe7 elementor-widget elementor-widget-text-editor\" data-id=\"b621fe7\" data-element_type=\"widget\" data-widget_type=\"text-editor.default\">\n\t\t\t\t<div class=\"elementor-widget-container\">\n\t\t\t\t\t\t\t\t\t<p class=\"intercom-align-left\">Vi bruker personopplysningene dine til f\u00f8lgende form\u00e5l:\u00a0<\/p><ol><li><p class=\"no-margin\"><b>Tilby nettside og app: <\/b>Vi bruker opplysninger for \u00e5 tilpasse v\u00e5r nettside og app til det tekniske utstyret du bruker. Vi kan ogs\u00e5 bruke opplysningene til \u00e5 tilpasse innholdet p\u00e5 v\u00e5r nettside og app til hva vi tror du er interessert i.\u00a0<\/p><\/li><li><p class=\"no-margin\"><b>Kundeservice: <\/b>Vi lagrer opplysninger som du gir og mottar dersom du har kontakt med oss for \u00e5 yte service og administrere ditt kundeforhold.<\/p><\/li><li><p class=\"no-margin\"><b>Statistikk:<\/b> Vi utarbeider statistikk og kartlegger markedstrender for \u00e5 forbedre og videreutvikle v\u00e5re produkter og tjenester. S\u00e5 langt det er mulig gj\u00f8r vi dette med anonyme opplysninger, uten at vi vet at informasjonen er knyttet spesifikt til deg.<\/p><\/li><li><p class=\"no-margin\"><b>Markedsf\u00f8ring: <\/b>Vi bruker din kontaktinformasjon (f.eks. telefonnummer og epostadresse) til \u00e5 sende deg anbefalinger og informasjon om v\u00e5re forestillinger. Vi kan bruke profileringsopplysninger for \u00e5 gj\u00f8re anbefalingene og informasjonen mest mulig relevant for deg, med mindre du har motsatt deg dette. Hvis du \u00f8nsker det, vil vi ogs\u00e5 sende deg anbefalinger og informasjon om v\u00e5re samarbeidspartneres forestillinger.\u00a0<\/p><\/li><\/ol><p class=\"intercom-align-left\">Det rettslige grunnlaget for form\u00e5l <b>1, 3<\/b> og<b> 4<\/b>\u00a0er v\u00e5r berettigede interesse i \u00e5 kunne tilby, videreutvikle og markedsf\u00f8re v\u00e5re tjenester.\u00a0<\/p><p class=\"intercom-align-left\">Det rettslige grunnlaget for form\u00e5l <b>2<\/b>\u00a0er for \u00e5 oppfylle v\u00e5r kontrakt med deg.\u00a0<\/p><p class=\"intercom-align-left\">Det rettslige grunnlaget for form\u00e5l <b>2\u00a0<\/b>kan ogs\u00e5 v\u00e6re ditt samtykke, dersom du har gitt oss dette. Det kan v\u00e6re n\u00f8dvendig for \u00e5 sende deg markedsf\u00f8ring dersom du ikke lenger har brukerkonto hos oss, eller dersom vi sender deg markedsf\u00f8ring om v\u00e5re samarbeidspartneres forestillinger. \u00a0<\/p>\t\t\t\t\t\t\t\t<\/div>\n\t\t\t\t<\/div>\n\t\t\t\t<div class=\"elementor-element elementor-element-8d63ed2 elementor-widget elementor-widget-heading\" data-id=\"8d63ed2\" data-element_type=\"widget\" data-widget_type=\"heading.default\">\n\t\t\t\t<div class=\"elementor-widget-container\">\n\t\t\t\t\t<h2 class=\"elementor-heading-title elementor-size-default\">4  Hvem deler vi personopplysninger med<\/h2>\t\t\t\t<\/div>\n\t\t\t\t<\/div>\n\t\t\t\t<div class=\"elementor-element elementor-element-80517a0 elementor-widget elementor-widget-text-editor\" data-id=\"80517a0\" data-element_type=\"widget\" data-widget_type=\"text-editor.default\">\n\t\t\t\t<div class=\"elementor-widget-container\">\n\t\t\t\t\t\t\t\t\t<p class=\"intercom-align-left\">Vi deler personopplysninger med selskaper som leverer tekniske og administrative tjenester til oss, slik som IT-leverand\u00f8rer. Vi har avtaler med disse for \u00e5 sikre ditt personvern.<\/p><p class=\"intercom-align-left\">Vi kan utlevere opplysninger i enkelttilfeller, eksempelvis til offentlige myndigheter, ved mistanke om lovbrudd.<\/p><p class=\"intercom-align-left\">Hvis du samtykker, kan vi dele dine personopplysninger med v\u00e5re samarbeidspartnere som beskrevet i ditt samtykke. Dette kan f.eks. v\u00e6re konsertpromot\u00f8rer, teaterpromot\u00f8rer og andre teatre og kinoer, slik at de kan sende deg anbefalinger og informasjon som er relevante for deg, eller slik at de kan foreta egne markedsanalyser og tjenesteutvikling.\u00a0<\/p><p class=\"intercom-align-left\">Vi benytter oss av IT-leverand\u00f8rer utenfor E\u00d8S. Hvis vi overf\u00f8rer personopplysninger ut av E\u00d8S, s\u00f8rger vi for \u00e5 sikre personvernet gjennom inng\u00e5else av kontrakter. Du kan be om mer informasjon eller en kopi av sikkerhetsmekanismene vi bruker for \u00e5 sikre overf\u00f8ringen av opplysningene.<\/p><p class=\"intercom-align-left\">Vi kan for \u00f8vrig dele anonymiserte opplysninger med samarbeidspartnere for bl.a. markedsanalyser og tjenesteutvikling.\u00a0<\/p>\t\t\t\t\t\t\t\t<\/div>\n\t\t\t\t<\/div>\n\t\t\t\t<div class=\"elementor-element elementor-element-e7994f6 elementor-widget elementor-widget-heading\" data-id=\"e7994f6\" data-element_type=\"widget\" data-widget_type=\"heading.default\">\n\t\t\t\t<div class=\"elementor-widget-container\">\n\t\t\t\t\t<h2 class=\"elementor-heading-title elementor-size-default\">5  Hvor lenge lagrer vi personopplysninger<\/h2>\t\t\t\t<\/div>\n\t\t\t\t<\/div>\n\t\t\t\t<div class=\"elementor-element elementor-element-92bf95a elementor-widget elementor-widget-text-editor\" data-id=\"92bf95a\" data-element_type=\"widget\" data-widget_type=\"text-editor.default\">\n\t\t\t\t<div class=\"elementor-widget-container\">\n\t\t\t\t\t\t\t\t\t<p class=\"intercom-align-left\">Vi lagrer opplysninger om deg, kun s\u00e5 lenge det er n\u00f8dvendig for \u00e5 oppn\u00e5 form\u00e5let de ble innhentet for, eller dersom vi er p\u00e5lagt \u00e5 lagre opplysningene. Opplysningene vil slettes eller anonymiseres n\u00e5r de ikke lengre er n\u00f8dvendige for \u00e5 oppn\u00e5 form\u00e5let. Under er en oversikt over hvor lenge vi lagrer dine opplysninger:<\/p><ul><li><p class=\"no-margin\"><b>Opplysninger om bruk p\u00e5 nettsidene: <\/b>Vi lagrer informasjon om din bruk av v\u00e5re nettsider i opptil 6 m\u00e5neder.<\/p><\/li><li><p class=\"no-margin\"><b>Opplysninger fra partnere:<\/b> Vi lagrer eventuell informasjon fra samarbeidspartnere s\u00e5 lenge du har en aktiv brukerkonto hos oss eller s\u00e5 lenge du har samtykket. Vi vil slette opplysningene dersom du sier opp brukerkontoen eller brukerkontoen har v\u00e6rt inaktiv i 12 m\u00e5neder.\u00a0<\/p><\/li><li><p class=\"no-margin\"><b>Kommunikasjon:<\/b> Vi lagrer kommunikasjon med v\u00e5re kunder i tre \u00e5r, med mindre vi trenger \u00e5 lagre det lenger, f.eks. i forbindelse med klager eller krav.\u00a0<\/p><\/li><\/ul>\t\t\t\t\t\t\t\t<\/div>\n\t\t\t\t<\/div>\n\t\t\t\t<div class=\"elementor-element elementor-element-5767fc2 elementor-widget elementor-widget-heading\" data-id=\"5767fc2\" data-element_type=\"widget\" data-widget_type=\"heading.default\">\n\t\t\t\t<div class=\"elementor-widget-container\">\n\t\t\t\t\t<h2 class=\"elementor-heading-title elementor-size-default\">6  Dine rettigheter<\/h2>\t\t\t\t<\/div>\n\t\t\t\t<\/div>\n\t\t\t\t<div class=\"elementor-element elementor-element-df6e374 elementor-widget elementor-widget-text-editor\" data-id=\"df6e374\" data-element_type=\"widget\" data-widget_type=\"text-editor.default\">\n\t\t\t\t<div class=\"elementor-widget-container\">\n\t\t\t\t\t\t\t\t\t<p class=\"intercom-align-left\">Du kan ha rett til \u00e5 be oss \u00e5:<\/p><ul><li><p class=\"no-margin\">Gi deg ytterligere informasjon om hvordan vi behandler dine personopplysninger.<\/p><\/li><li><p class=\"no-margin\">Gi deg en kopi av personopplysninger om deg.<\/p><\/li><li><p class=\"no-margin\">Oppdatere dine personopplysninger.<\/p><\/li><li><p class=\"no-margin\">Slette opplysninger som vi ikke lengre har grunnlag til \u00e5 oppbevare.\u00a0<\/p><\/li><li><p class=\"no-margin\">Begrense eller stoppe behandlingen av dine opplysninger<\/p><\/li><li><p class=\"no-margin\">Motsette deg automatiske individuelle avgj\u00f8relser, inkludert profilering.\u00a0<\/p><\/li><li><p class=\"no-margin\">Gi deg opplysninger du har gitt til oss i en strukturert, alminnelig anvendt og maskinlesbart format eller, der det er teknisk mulig, be oss om \u00e5 overf\u00f8re disse til en annen virksomhet.\u00a0<\/p><\/li><li><p class=\"no-margin\">Trekke tilbake eventuelle samtykker du har gitt oss.\u00a0<\/p><\/li><\/ul><p class=\"intercom-align-left\">V\u00e6r klar over at det finnes begrensninger i disse rettighetene. Ta gjerne kontakt med oss hvis du vil ha mer informasjon om dette.<\/p><p class=\"intercom-align-left\">Hvis du mener at vi behandler personopplysninger i strid med personopplysningsloven, har du rett til \u00e5 klage til Datatilsynet. F\u00f8r du eventuelt gj\u00f8r dette, vil vi gjerne at du kontakter oss slik at vi kan besvare dine sp\u00f8rsm\u00e5l eller oppklare eventuelle misforst\u00e5elser.\u00a0<\/p>\t\t\t\t\t\t\t\t<\/div>\n\t\t\t\t<\/div>\n\t\t\t\t<div class=\"elementor-element elementor-element-45e53bb elementor-widget elementor-widget-heading\" data-id=\"45e53bb\" data-element_type=\"widget\" data-widget_type=\"heading.default\">\n\t\t\t\t<div class=\"elementor-widget-container\">\n\t\t\t\t\t<h2 class=\"elementor-heading-title elementor-size-default\">7  Cookies<\/h2>\t\t\t\t<\/div>\n\t\t\t\t<\/div>\n\t\t\t\t<div class=\"elementor-element elementor-element-b36888f elementor-widget elementor-widget-text-editor\" data-id=\"b36888f\" data-element_type=\"widget\" data-widget_type=\"text-editor.default\">\n\t\t\t\t<div class=\"elementor-widget-container\">\n\t\t\t\t\t\t\t\t\t<p>Vi bruker cookies p\u00e5 v\u00e5re nettsider for \u00e5 sikre funksjonalitet p\u00e5 nettsiden, analysere nettrafikk og se hvilke omr\u00e5der p\u00e5 v\u00e5rt nettsted du har bes\u00f8kt. <i>Vennligst les v\u00e5r cookiepolicy for mer informasjon.<\/i><\/p>\t\t\t\t\t\t\t\t<\/div>\n\t\t\t\t<\/div>\n\t\t\t\t<div class=\"elementor-element elementor-element-5888f88 elementor-widget elementor-widget-heading\" data-id=\"5888f88\" data-element_type=\"widget\" data-widget_type=\"heading.default\">\n\t\t\t\t<div class=\"elementor-widget-container\">\n\t\t\t\t\t<h2 class=\"elementor-heading-title elementor-size-default\">8  Endringer i personvernerkl\u00e6ringen<\/h2>\t\t\t\t<\/div>\n\t\t\t\t<\/div>\n\t\t\t\t<div class=\"elementor-element elementor-element-50faee8 elementor-widget elementor-widget-text-editor\" data-id=\"50faee8\" data-element_type=\"widget\" data-widget_type=\"text-editor.default\">\n\t\t\t\t<div class=\"elementor-widget-container\">\n\t\t\t\t\t\t\t\t\t<p>Vi vil kunne oppdatere personvernerkl\u00e6ringen fra tid til annen. Du vil f\u00e5 beskjed om endringer av betydning. Du vil alltid finne siste versjon av v\u00e5r personvernerkl\u00e6ring p\u00e5 nettsiden\/appen.\u00a0<\/p>\t\t\t\t\t\t\t\t<\/div>\n\t\t\t\t<\/div>\n\t\t\t\t<div class=\"elementor-element elementor-element-a577a0c elementor-widget elementor-widget-heading\" data-id=\"a577a0c\" data-element_type=\"widget\" data-widget_type=\"heading.default\">\n\t\t\t\t<div class=\"elementor-widget-container\">\n\t\t\t\t\t<h2 class=\"elementor-heading-title elementor-size-default\">9  Kontaktinformasjon<\/h2>\t\t\t\t<\/div>\n\t\t\t\t<\/div>\n\t\t\t\t<div class=\"elementor-element elementor-element-a6df2f1 elementor-widget elementor-widget-text-editor\" data-id=\"a6df2f1\" data-element_type=\"widget\" data-widget_type=\"text-editor.default\">\n\t\t\t\t<div class=\"elementor-widget-container\">\n\t\t\t\t\t\t\t\t\t<p class=\"intercom-align-left\">Hvis du \u00f8nsker \u00e5 komme i kontakt med oss, kan du benytte f\u00f8lgende kontaktinformasjon:\u00a0<\/p><p class=\"intercom-align-left\"><b>Kontaktperson: V\u00f8ra Camping<\/b><\/p><p class=\"intercom-align-left\"><b>Telefonnummer: (+47) 909 60 142<\/b><\/p><p class=\"intercom-align-left\"><b>E-postadresse: post@voracamping.no<\/b><\/p><p class=\"intercom-align-left\"><b>Adresse: Vester\u00f8yveien 401, 3234 Sandefjord<\/b><\/p>\t\t\t\t\t\t\t\t<\/div>\n\t\t\t\t<\/div>\n\t\t\t\t\t<\/div>\n\t\t<\/div>\n\t\t\t\t\t<\/div>\n\t\t<\/section>\n\t\t\t\t<\/div>","protected":false},"excerpt":{"rendered":"<p>Personvernerkl\u00e6ring 1 Innledning V\u00f8ra Camping\u00a0(&laquo;vi&raquo;) er opptatt av at du skal ha tillit til oss og hvordan vi behandler dine personopplysninger. I denne personvernerkl\u00e6ringen forklarer vi derfor hvorfor vi samler inn informasjon om deg, hvordan vi bruker denne informasjonen og hvordan vi tar hensyn til ditt personvern.\u00a0 Personopplysninger er opplysninger og vurderinger som kan knyttes [&hellip;]<\/p>","protected":false},"author":1,"featured_media":0,"parent":0,"menu_order":0,"comment_status":"closed","ping_status":"closed","template":"elementor_header_footer","meta":{"footnotes":""},"class_list":["post-1207","page","type-page","status-publish","hentry"],"yoast_head":"<!-- This site is optimized with the Yoast SEO plugin v25.5 - https:\/\/yoast.com\/wordpress\/plugins\/seo\/ -->\n<title>Personvernerkl\u00e6ring - V\u00f8ra Camping<\/title>\n<meta name=\"robots\" content=\"index, follow, max-snippet:-1, max-image-preview:large, max-video-preview:-1\" \/>\n<link rel=\"canonical\" href=\"https:\/\/voracamping.no\/en\/personvernerklaering\/\" \/>\n<meta property=\"og:locale\" content=\"en_GB\" \/>\n<meta property=\"og:type\" content=\"article\" \/>\n<meta property=\"og:title\" content=\"Personvernerkl\u00e6ring - V\u00f8ra Camping\" \/>\n<meta property=\"og:description\" content=\"Personvernerkl\u00e6ring 1 Innledning V\u00f8ra Camping\u00a0(&laquo;vi&raquo;) er opptatt av at du skal ha tillit til oss og hvordan vi behandler dine personopplysninger. I denne personvernerkl\u00e6ringen forklarer vi derfor hvorfor vi samler inn informasjon om deg, hvordan vi bruker denne informasjonen og hvordan vi tar hensyn til ditt personvern.\u00a0 Personopplysninger er opplysninger og vurderinger som kan knyttes [&hellip;]\" \/>\n<meta property=\"og:url\" content=\"https:\/\/voracamping.no\/en\/personvernerklaering\/\" \/>\n<meta property=\"og:site_name\" content=\"V\u00f8ra Camping\" \/>\n<meta property=\"article:modified_time\" content=\"2022-08-04T11:12:09+00:00\" \/>\n<meta property=\"og:image\" content=\"https:\/\/voracamping.no\/wp-content\/uploads\/2022\/02\/vora-camping.jpg\" \/>\n\t<meta property=\"og:image:width\" content=\"2048\" \/>\n\t<meta property=\"og:image:height\" content=\"1152\" \/>\n\t<meta property=\"og:image:type\" content=\"image\/jpeg\" \/>\n<meta name=\"twitter:card\" content=\"summary_large_image\" \/>\n<meta name=\"twitter:label1\" content=\"Estimated reading time\" \/>\n\t<meta name=\"twitter:data1\" content=\"6 minutes\" \/>\n<!-- \/ Yoast SEO plugin. -->","yoast_head_json":{"title":"Personvernerkl\u00e6ring - V\u00f8ra Camping","robots":{"index":"index","follow":"follow","max-snippet":"max-snippet:-1","max-image-preview":"max-image-preview:large","max-video-preview":"max-video-preview:-1"},"canonical":"https:\/\/voracamping.no\/en\/personvernerklaering\/","og_locale":"en_GB","og_type":"article","og_title":"Personvernerkl\u00e6ring - V\u00f8ra Camping","og_description":"Personvernerkl\u00e6ring 1 Innledning V\u00f8ra Camping\u00a0(&laquo;vi&raquo;) er opptatt av at du skal ha tillit til oss og hvordan vi behandler dine personopplysninger. I denne personvernerkl\u00e6ringen forklarer vi derfor hvorfor vi samler inn informasjon om deg, hvordan vi bruker denne informasjonen og hvordan vi tar hensyn til ditt personvern.\u00a0 Personopplysninger er opplysninger og vurderinger som kan knyttes [&hellip;]","og_url":"https:\/\/voracamping.no\/en\/personvernerklaering\/","og_site_name":"V\u00f8ra Camping","article_modified_time":"2022-08-04T11:12:09+00:00","og_image":[{"width":2048,"height":1152,"url":"https:\/\/voracamping.no\/wp-content\/uploads\/2022\/02\/vora-camping.jpg","type":"image\/jpeg"}],"twitter_card":"summary_large_image","twitter_misc":{"Estimated reading time":"6 minutes"},"schema":{"@context":"https:\/\/schema.org","@graph":[{"@type":"WebPage","@id":"https:\/\/voracamping.no\/personvernerklaering\/","url":"https:\/\/voracamping.no\/personvernerklaering\/","name":"Personvernerkl\u00e6ring - V\u00f8ra Camping","isPartOf":{"@id":"https:\/\/voracamping.no\/#website"},"datePublished":"2022-02-02T07:40:48+00:00","dateModified":"2022-08-04T11:12:09+00:00","breadcrumb":{"@id":"https:\/\/voracamping.no\/personvernerklaering\/#breadcrumb"},"inLanguage":"en-GB","potentialAction":[{"@type":"ReadAction","target":["https:\/\/voracamping.no\/personvernerklaering\/"]}]},{"@type":"BreadcrumbList","@id":"https:\/\/voracamping.no\/personvernerklaering\/#breadcrumb","itemListElement":[{"@type":"ListItem","position":1,"name":"Hjem","item":"https:\/\/voracamping.no\/"},{"@type":"ListItem","position":2,"name":"Personvernerkl\u00e6ring"}]},{"@type":"WebSite","@id":"https:\/\/voracamping.no\/#website","url":"https:\/\/voracamping.no\/","name":"V\u00f8ra Camping","description":"Camping i Sandefjord","potentialAction":[{"@type":"SearchAction","target":{"@type":"EntryPoint","urlTemplate":"https:\/\/voracamping.no\/?s={search_term_string}"},"query-input":{"@type":"PropertyValueSpecification","valueRequired":true,"valueName":"search_term_string"}}],"inLanguage":"en-GB"}]}},"_links":{"self":[{"href":"https:\/\/voracamping.no\/en\/wp-json\/wp\/v2\/pages\/1207","targetHints":{"allow":["GET"]}}],"collection":[{"href":"https:\/\/voracamping.no\/en\/wp-json\/wp\/v2\/pages"}],"about":[{"href":"https:\/\/voracamping.no\/en\/wp-json\/wp\/v2\/types\/page"}],"author":[{"embeddable":true,"href":"https:\/\/voracamping.no\/en\/wp-json\/wp\/v2\/users\/1"}],"replies":[{"embeddable":true,"href":"https:\/\/voracamping.no\/en\/wp-json\/wp\/v2\/comments?post=1207"}],"version-history":[{"count":0,"href":"https:\/\/voracamping.no\/en\/wp-json\/wp\/v2\/pages\/1207\/revisions"}],"wp:attachment":[{"href":"https:\/\/voracamping.no\/en\/wp-json\/wp\/v2\/media?parent=1207"}],"curies":[{"name":"wp","href":"https:\/\/api.w.org\/{rel}","templated":true}]}}