{"id":1438,"date":"2022-02-10T17:03:04","date_gmt":"2022-02-10T16:03:04","guid":{"rendered":"https:\/\/voracamping.no\/?page_id=1438"},"modified":"2025-05-25T17:13:34","modified_gmt":"2025-05-25T16:13:34","slug":"kajakkutleie","status":"publish","type":"page","link":"https:\/\/voracamping.no\/en\/kajakkutleie\/","title":{"rendered":"Kayak rental"},"content":{"rendered":"<div data-elementor-type=\"wp-page\" data-elementor-id=\"1438\" class=\"elementor elementor-1438\" data-elementor-post-type=\"page\">\n\t\t\t\t\t\t<section class=\"elementor-section elementor-top-section elementor-element elementor-element-5b580b0 elementor-section-boxed elementor-section-height-default elementor-section-height-default\" data-id=\"5b580b0\" data-element_type=\"section\" data-settings=\"{&quot;background_background&quot;:&quot;classic&quot;,&quot;shape_divider_bottom&quot;:&quot;pyramids&quot;,&quot;shape_divider_bottom_negative&quot;:&quot;yes&quot;}\">\n\t\t\t\t\t\t\t<div class=\"elementor-background-overlay\"><\/div>\n\t\t\t\t\t\t<div class=\"elementor-shape elementor-shape-bottom\" aria-hidden=\"true\" data-negative=\"true\">\n\t\t\t<svg xmlns=\"http:\/\/www.w3.org\/2000\/svg\" viewbox=\"0 0 1000 100\" preserveaspectratio=\"none\">\n\t<path class=\"elementor-shape-fill\" d=\"M761.9,40.6L643.1,24L333.9,93.8L0.1,1H0v99h1000V1\"\/>\n<\/svg>\t\t<\/div>\n\t\t\t\t\t<div class=\"elementor-container elementor-column-gap-no\">\n\t\t\t\t\t<div class=\"elementor-column elementor-col-100 elementor-top-column elementor-element elementor-element-68cb4be8\" data-id=\"68cb4be8\" data-element_type=\"column\">\n\t\t\t<div class=\"elementor-widget-wrap elementor-element-populated\">\n\t\t\t\t\t\t<div class=\"elementor-element elementor-element-13f832a4 elementor-widget elementor-widget-heading\" data-id=\"13f832a4\" data-element_type=\"widget\" data-widget_type=\"heading.default\">\n\t\t\t\t<div class=\"elementor-widget-container\">\n\t\t\t\t\t<h1 class=\"elementor-heading-title elementor-size-default\">Kayak rental<\/h1>\t\t\t\t<\/div>\n\t\t\t\t<\/div>\n\t\t\t\t\t<\/div>\n\t\t<\/div>\n\t\t\t\t\t<\/div>\n\t\t<\/section>\n\t\t\t\t<section class=\"elementor-section elementor-top-section elementor-element elementor-element-1b1edacc elementor-section-boxed elementor-section-height-default elementor-section-height-default\" data-id=\"1b1edacc\" data-element_type=\"section\">\n\t\t\t\t\t\t<div class=\"elementor-container elementor-column-gap-no\">\n\t\t\t\t\t<div class=\"elementor-column elementor-col-50 elementor-top-column elementor-element elementor-element-59b30344\" data-id=\"59b30344\" data-element_type=\"column\">\n\t\t\t<div class=\"elementor-widget-wrap elementor-element-populated\">\n\t\t\t\t\t\t<div class=\"elementor-element elementor-element-5216b040 elementor-widget elementor-widget-heading\" data-id=\"5216b040\" data-element_type=\"widget\" data-widget_type=\"heading.default\">\n\t\t\t\t<div class=\"elementor-widget-container\">\n\t\t\t\t\t<h2 class=\"elementor-heading-title elementor-size-default\">Utleie av kajakk<\/h2>\t\t\t\t<\/div>\n\t\t\t\t<\/div>\n\t\t\t\t<div class=\"elementor-element elementor-element-4becacf3 elementor-widget elementor-widget-text-editor\" data-id=\"4becacf3\" data-element_type=\"widget\" data-widget_type=\"text-editor.default\">\n\t\t\t\t<div class=\"elementor-widget-container\">\n\t\t\t\t\t\t\t\t\t<p style=\"font-weight: 400;\">Skj\u00e6rg\u00e5rden i Vestfold er som skapt for kajakkpadlere. Her kommer du overraskende tett p\u00e5 dyrelivet langs holmer og skj\u00e6r. Norges f\u00f8rste sammenhengende padleled lar deg padle langs hele Vestfoldkysten.\u00a0<\/p><p style=\"font-weight: 400;\">Vestfoldskj\u00e6rg\u00e5rden er kjent som et av de mest unike padleomr\u00e5dene i landet. Her kan du padle i r\u00f8ft, \u00e5pent farvann rundt Larvik og Horten eller velge sund og mer skjermede omr\u00e5der rundt Sandefjord, F\u00e6rder og T\u00f8nsberg.<\/p>\t\t\t\t\t\t\t\t<\/div>\n\t\t\t\t<\/div>\n\t\t\t\t\t<\/div>\n\t\t<\/div>\n\t\t\t\t<div class=\"elementor-column elementor-col-50 elementor-top-column elementor-element elementor-element-285c1804\" data-id=\"285c1804\" data-element_type=\"column\">\n\t\t\t<div class=\"elementor-widget-wrap elementor-element-populated\">\n\t\t\t\t\t\t<div class=\"elementor-element elementor-element-4580a46f elementor-widget elementor-widget-image\" data-id=\"4580a46f\" data-element_type=\"widget\" data-widget_type=\"image.default\">\n\t\t\t\t<div class=\"elementor-widget-container\">\n\t\t\t\t\t\t\t\t\t\t\t\t<figure class=\"wp-caption\">\n\t\t\t\t\t\t\t\t\t\t<img fetchpriority=\"high\" decoding=\"async\" width=\"2048\" height=\"1366\" src=\"https:\/\/voracamping.no\/wp-content\/uploads\/2022\/01\/IMG_3422-e1525769797363-scaled.jpg\" class=\"attachment-full size-full wp-image-164\" alt=\"\" srcset=\"https:\/\/voracamping.no\/wp-content\/uploads\/2022\/01\/IMG_3422-e1525769797363-scaled.jpg 2048w, https:\/\/voracamping.no\/wp-content\/uploads\/2022\/01\/IMG_3422-e1525769797363-300x200.jpg 300w, https:\/\/voracamping.no\/wp-content\/uploads\/2022\/01\/IMG_3422-e1525769797363-1024x683.jpg 1024w, https:\/\/voracamping.no\/wp-content\/uploads\/2022\/01\/IMG_3422-e1525769797363-768x512.jpg 768w, https:\/\/voracamping.no\/wp-content\/uploads\/2022\/01\/IMG_3422-e1525769797363-1536x1024.jpg 1536w\" sizes=\"(max-width: 2048px) 100vw, 2048px\" \/>\t\t\t\t\t\t\t\t\t\t\t<figcaption class=\"widget-image-caption wp-caption-text\"><\/figcaption>\n\t\t\t\t\t\t\t\t\t\t<\/figure>\n\t\t\t\t\t\t\t\t\t<\/div>\n\t\t\t\t<\/div>\n\t\t\t\t<div class=\"elementor-element elementor-element-56f26cc7 elementor-widget__width-initial elementor-absolute elementor-widget-mobile__width-initial elementor-widget elementor-widget-image\" data-id=\"56f26cc7\" data-element_type=\"widget\" data-settings=\"{&quot;_position&quot;:&quot;absolute&quot;}\" data-widget_type=\"image.default\">\n\t\t\t\t<div class=\"elementor-widget-container\">\n\t\t\t\t\t\t\t\t\t\t\t\t<figure class=\"wp-caption\">\n\t\t\t\t\t\t\t\t\t\t<img decoding=\"async\" width=\"2000\" height=\"1500\" src=\"https:\/\/voracamping.no\/wp-content\/uploads\/2022\/02\/img_0148-foto-ann-helen-lian.jpg\" class=\"attachment-full size-full wp-image-1419\" alt=\"\" srcset=\"https:\/\/voracamping.no\/wp-content\/uploads\/2022\/02\/img_0148-foto-ann-helen-lian.jpg 2000w, https:\/\/voracamping.no\/wp-content\/uploads\/2022\/02\/img_0148-foto-ann-helen-lian-300x225.jpg 300w, https:\/\/voracamping.no\/wp-content\/uploads\/2022\/02\/img_0148-foto-ann-helen-lian-1024x768.jpg 1024w, https:\/\/voracamping.no\/wp-content\/uploads\/2022\/02\/img_0148-foto-ann-helen-lian-768x576.jpg 768w, https:\/\/voracamping.no\/wp-content\/uploads\/2022\/02\/img_0148-foto-ann-helen-lian-1536x1152.jpg 1536w\" sizes=\"(max-width: 2000px) 100vw, 2000px\" \/>\t\t\t\t\t\t\t\t\t\t\t<figcaption class=\"widget-image-caption wp-caption-text\"><\/figcaption>\n\t\t\t\t\t\t\t\t\t\t<\/figure>\n\t\t\t\t\t\t\t\t\t<\/div>\n\t\t\t\t<\/div>\n\t\t\t\t\t<\/div>\n\t\t<\/div>\n\t\t\t\t\t<\/div>\n\t\t<\/section>\n\t\t\t\t<section class=\"elementor-section elementor-top-section elementor-element elementor-element-236b1184 elementor-section-boxed elementor-section-height-default elementor-section-height-default\" data-id=\"236b1184\" data-element_type=\"section\" data-settings=\"{&quot;background_background&quot;:&quot;classic&quot;}\">\n\t\t\t\t\t\t\t<div class=\"elementor-background-overlay\"><\/div>\n\t\t\t\t\t\t\t<div class=\"elementor-container elementor-column-gap-no\">\n\t\t\t\t\t<div class=\"elementor-column elementor-col-100 elementor-top-column elementor-element elementor-element-1de401c3\" data-id=\"1de401c3\" data-element_type=\"column\">\n\t\t\t<div class=\"elementor-widget-wrap elementor-element-populated\">\n\t\t\t\t\t\t<div class=\"elementor-element elementor-element-47fe6adc elementor-widget elementor-widget-heading\" data-id=\"47fe6adc\" data-element_type=\"widget\" data-widget_type=\"heading.default\">\n\t\t\t\t<div class=\"elementor-widget-container\">\n\t\t\t\t\t<h2 class=\"elementor-heading-title elementor-size-default\">We offer accommodation for kids and adults alike!<\/h2>\t\t\t\t<\/div>\n\t\t\t\t<\/div>\n\t\t\t\t<div class=\"elementor-element elementor-element-841d91 elementor-widget elementor-widget-text-editor\" data-id=\"841d91\" data-element_type=\"widget\" data-widget_type=\"text-editor.default\">\n\t\t\t\t<div class=\"elementor-widget-container\">\n\t\t\t\t\t\t\t\t\t<p>V\u00f8ra Camping in Sandefjord is open all year round for accommodation in apartments and cabins.\u00a0<\/p>\t\t\t\t\t\t\t\t<\/div>\n\t\t\t\t<\/div>\n\t\t\t\t<div class=\"elementor-element elementor-element-12298aea elementor-align-center elementor-widget elementor-widget-button\" data-id=\"12298aea\" data-element_type=\"widget\" data-widget_type=\"button.default\">\n\t\t\t\t<div class=\"elementor-widget-container\">\n\t\t\t\t\t\t\t\t\t<div class=\"elementor-button-wrapper\">\n\t\t\t\t\t<a class=\"elementor-button elementor-button-link elementor-size-sm\" href=\"\/en\/book-accommodation\/\">\n\t\t\t\t\t\t<span class=\"elementor-button-content-wrapper\">\n\t\t\t\t\t\t\t\t\t<span class=\"elementor-button-text\">Book accommodation<\/span>\n\t\t\t\t\t<\/span>\n\t\t\t\t\t<\/a>\n\t\t\t\t<\/div>\n\t\t\t\t\t\t\t\t<\/div>\n\t\t\t\t<\/div>\n\t\t\t\t\t<\/div>\n\t\t<\/div>\n\t\t\t\t\t<\/div>\n\t\t<\/section>\n\t\t\t\t<section class=\"elementor-section elementor-top-section elementor-element elementor-element-301fe6fa elementor-section-boxed elementor-section-height-default elementor-section-height-default\" data-id=\"301fe6fa\" data-element_type=\"section\">\n\t\t\t\t\t\t<div class=\"elementor-container elementor-column-gap-default\">\n\t\t\t\t\t<div class=\"elementor-column elementor-col-50 elementor-top-column elementor-element elementor-element-1f157247\" data-id=\"1f157247\" data-element_type=\"column\">\n\t\t\t<div class=\"elementor-widget-wrap elementor-element-populated\">\n\t\t\t\t\t\t<div class=\"elementor-element elementor-element-64b3f94b elementor-widget elementor-widget-heading\" data-id=\"64b3f94b\" data-element_type=\"widget\" data-widget_type=\"heading.default\">\n\t\t\t\t<div class=\"elementor-widget-container\">\n\t\t\t\t\t<h2 class=\"elementor-heading-title elementor-size-default\">Kajakkutleie p\u00e5 V\u00f8ra Camping<\/h2>\t\t\t\t<\/div>\n\t\t\t\t<\/div>\n\t\t\t\t<div class=\"elementor-element elementor-element-356ef0e elementor-widget elementor-widget-text-editor\" data-id=\"356ef0e\" data-element_type=\"widget\" data-widget_type=\"text-editor.default\">\n\t\t\t\t<div class=\"elementor-widget-container\">\n\t\t\t\t\t\t\t\t\t<p style=\"font-weight: 400;\">Kajakkene leies ut med vest og glassfiber\u00e5rer.\u00a0<\/p><p style=\"font-weight: 400;\">V\u00f8ra Camping har kajakker til forskjellige vektklasser og st\u00f8rrelser. Kajakkene er av merket Prijon og er av modellene Seayak 500 LV, Seayak 520 HV og Kodiak. I tillegg har vi f\u00e5tt inn 2 NortZone Supreme og NorhZone Adventure<\/p><p style=\"font-weight: 400;\">\u00d8nsker du\/dere \u00e5 leie flere dager, s\u00e5 ta kontakt for pris.<\/p>\t\t\t\t\t\t\t\t<\/div>\n\t\t\t\t<\/div>\n\t\t\t\t<div class=\"elementor-element elementor-element-64e2952 elementor-widget elementor-widget-button\" data-id=\"64e2952\" data-element_type=\"widget\" data-widget_type=\"button.default\">\n\t\t\t\t<div class=\"elementor-widget-container\">\n\t\t\t\t\t\t\t\t\t<div class=\"elementor-button-wrapper\">\n\t\t\t\t\t<a class=\"elementor-button elementor-button-link elementor-size-sm\" href=\"\/en\/contact\/\">\n\t\t\t\t\t\t<span class=\"elementor-button-content-wrapper\">\n\t\t\t\t\t\t\t\t\t<span class=\"elementor-button-text\">Kontakt oss for booking<\/span>\n\t\t\t\t\t<\/span>\n\t\t\t\t\t<\/a>\n\t\t\t\t<\/div>\n\t\t\t\t\t\t\t\t<\/div>\n\t\t\t\t<\/div>\n\t\t\t\t\t<\/div>\n\t\t<\/div>\n\t\t\t\t<div class=\"elementor-column elementor-col-50 elementor-top-column elementor-element elementor-element-3d087ac6\" data-id=\"3d087ac6\" data-element_type=\"column\">\n\t\t\t<div class=\"elementor-widget-wrap elementor-element-populated\">\n\t\t\t\t\t\t<div class=\"elementor-element elementor-element-6bc44521 elementor-tabs-alignment-stretch elementor-tabs-view-horizontal elementor-widget elementor-widget-tabs\" data-id=\"6bc44521\" data-element_type=\"widget\" data-widget_type=\"tabs.default\">\n\t\t\t\t<div class=\"elementor-widget-container\">\n\t\t\t\t\t\t\t<div class=\"elementor-tabs\">\n\t\t\t<div class=\"elementor-tabs-wrapper\" role=\"tablist\" >\n\t\t\t\t\t\t\t\t\t<div id=\"elementor-tab-title-1801\" class=\"elementor-tab-title elementor-tab-desktop-title\" aria-selected=\"true\" data-tab=\"1\" role=\"tab\" tabindex=\"0\" aria-controls=\"elementor-tab-content-1801\" aria-expanded=\"false\"> Priser 2025<\/div>\n\t\t\t\t\t\t\t\t\t<div id=\"elementor-tab-title-1802\" class=\"elementor-tab-title elementor-tab-desktop-title\" aria-selected=\"false\" data-tab=\"2\" role=\"tab\" tabindex=\"-1\" aria-controls=\"elementor-tab-content-1802\" aria-expanded=\"false\">Additional information<\/div>\n\t\t\t\t\t\t\t<\/div>\n\t\t\t<div class=\"elementor-tabs-content-wrapper\" role=\"tablist\" aria-orientation=\"vertical\">\n\t\t\t\t\t\t\t\t\t<div class=\"elementor-tab-title elementor-tab-mobile-title\" aria-selected=\"true\" data-tab=\"1\" role=\"tab\" tabindex=\"0\" aria-controls=\"elementor-tab-content-1801\" aria-expanded=\"false\"> Priser 2025<\/div>\n\t\t\t\t\t<div id=\"elementor-tab-content-1801\" class=\"elementor-tab-content elementor-clearfix\" data-tab=\"1\" role=\"tabpanel\" aria-labelledby=\"elementor-tab-title-1801\" tabindex=\"0\" hidden=\"false\"><p><strong>1\/1 dag kr 700,-<\/strong><\/p><p><strong>1\/2 dag kr 500,-<\/strong><\/p><p><strong>3 timer kr 300,-<\/strong><\/p><p>\u00a0<\/p><\/div>\n\t\t\t\t\t\t\t\t\t<div class=\"elementor-tab-title elementor-tab-mobile-title\" aria-selected=\"false\" data-tab=\"2\" role=\"tab\" tabindex=\"-1\" aria-controls=\"elementor-tab-content-1802\" aria-expanded=\"false\">Additional information<\/div>\n\t\t\t\t\t<div id=\"elementor-tab-content-1802\" class=\"elementor-tab-content elementor-clearfix\" data-tab=\"2\" role=\"tabpanel\" aria-labelledby=\"elementor-tab-title-1802\" tabindex=\"0\" hidden=\"hidden\"><p><b>Det kreves ikke v\u00e5tkort for leie av v\u00e5re kajakker<\/b><\/p><p>Totalt har vi 8 kajakker til utleie samt kajakkhenger ved bruk et annet sted enn V\u00f8ra.<\/p><\/div>\n\t\t\t\t\t\t\t<\/div>\n\t\t<\/div>\n\t\t\t\t\t\t<\/div>\n\t\t\t\t<\/div>\n\t\t\t\t\t<\/div>\n\t\t<\/div>\n\t\t\t\t\t<\/div>\n\t\t<\/section>\n\t\t\t\t<\/div>","protected":false},"excerpt":{"rendered":"<p>Kajakkutleie Utleie av kajakk Skj\u00e6rg\u00e5rden i Vestfold er som skapt for kajakkpadlere. Her kommer du overraskende tett p\u00e5 dyrelivet langs holmer og skj\u00e6r. Norges f\u00f8rste sammenhengende padleled lar deg padle langs hele Vestfoldkysten.\u00a0 Vestfoldskj\u00e6rg\u00e5rden er kjent som et av de mest unike padleomr\u00e5dene i landet. Her kan du padle i r\u00f8ft, \u00e5pent farvann rundt Larvik [&hellip;]<\/p>","protected":false},"author":1,"featured_media":1178,"parent":0,"menu_order":0,"comment_status":"closed","ping_status":"closed","template":"elementor_header_footer","meta":{"footnotes":""},"class_list":["post-1438","page","type-page","status-publish","has-post-thumbnail","hentry"],"yoast_head":"<!-- This site is optimized with the Yoast SEO plugin v25.5 - https:\/\/yoast.com\/wordpress\/plugins\/seo\/ -->\n<title>Kajakkutleie - V\u00f8ra Camping | Vestfolds fineste camping omr\u00e5de<\/title>\n<meta name=\"description\" content=\"Vi har utleie av bobiler for hele familien. Book en av v\u00e5re utleie biler i dag og opplev Vestfolds fineste camping omr\u00e5de.\" \/>\n<meta name=\"robots\" content=\"index, follow, max-snippet:-1, max-image-preview:large, max-video-preview:-1\" \/>\n<link rel=\"canonical\" href=\"https:\/\/voracamping.no\/en\/kajakkutleie\/\" \/>\n<meta property=\"og:locale\" content=\"en_GB\" \/>\n<meta property=\"og:type\" content=\"article\" \/>\n<meta property=\"og:title\" content=\"Kajakkutleie - V\u00f8ra Camping | Vestfolds fineste camping omr\u00e5de\" \/>\n<meta property=\"og:description\" content=\"Vi har utleie av bobiler for hele familien. Book en av v\u00e5re utleie biler i dag og opplev Vestfolds fineste camping omr\u00e5de.\" \/>\n<meta property=\"og:url\" content=\"https:\/\/voracamping.no\/en\/kajakkutleie\/\" \/>\n<meta property=\"og:site_name\" content=\"V\u00f8ra Camping\" \/>\n<meta property=\"article:modified_time\" content=\"2025-05-25T16:13:34+00:00\" \/>\n<meta property=\"og:image\" content=\"https:\/\/voracamping.no\/wp-content\/uploads\/2022\/02\/vora-camping.jpg\" \/>\n\t<meta property=\"og:image:width\" content=\"2048\" \/>\n\t<meta property=\"og:image:height\" content=\"1152\" \/>\n\t<meta property=\"og:image:type\" content=\"image\/jpeg\" \/>\n<meta name=\"twitter:card\" content=\"summary_large_image\" \/>\n<meta name=\"twitter:title\" content=\"Kajakkutleie - V\u00f8ra Camping | Vestfolds fineste camping omr\u00e5de\" \/>\n<meta name=\"twitter:description\" content=\"Vi har utleie av bobiler for hele familien. Book en av v\u00e5re utleie biler i dag og opplev Vestfolds fineste camping omr\u00e5de.\" \/>\n<meta name=\"twitter:image\" content=\"https:\/\/voracamping.no\/wp-content\/uploads\/2022\/02\/vora-camping.jpg\" \/>\n<meta name=\"twitter:label1\" content=\"Estimated reading time\" \/>\n\t<meta name=\"twitter:data1\" content=\"2 minutes\" \/>\n<!-- \/ Yoast SEO plugin. -->","yoast_head_json":{"title":"Kajakkutleie - V\u00f8ra Camping | Vestfolds fineste camping omr\u00e5de","description":"Vi har utleie av bobiler for hele familien. Book en av v\u00e5re utleie biler i dag og opplev Vestfolds fineste camping omr\u00e5de.","robots":{"index":"index","follow":"follow","max-snippet":"max-snippet:-1","max-image-preview":"max-image-preview:large","max-video-preview":"max-video-preview:-1"},"canonical":"https:\/\/voracamping.no\/en\/kajakkutleie\/","og_locale":"en_GB","og_type":"article","og_title":"Kajakkutleie - V\u00f8ra Camping | Vestfolds fineste camping omr\u00e5de","og_description":"Vi har utleie av bobiler for hele familien. Book en av v\u00e5re utleie biler i dag og opplev Vestfolds fineste camping omr\u00e5de.","og_url":"https:\/\/voracamping.no\/en\/kajakkutleie\/","og_site_name":"V\u00f8ra Camping","article_modified_time":"2025-05-25T16:13:34+00:00","og_image":[{"width":2048,"height":1152,"url":"https:\/\/voracamping.no\/wp-content\/uploads\/2022\/02\/vora-camping.jpg","type":"image\/jpeg"}],"twitter_card":"summary_large_image","twitter_title":"Kajakkutleie - V\u00f8ra Camping | Vestfolds fineste camping omr\u00e5de","twitter_description":"Vi har utleie av bobiler for hele familien. Book en av v\u00e5re utleie biler i dag og opplev Vestfolds fineste camping omr\u00e5de.","twitter_image":"https:\/\/voracamping.no\/wp-content\/uploads\/2022\/02\/vora-camping.jpg","twitter_misc":{"Estimated reading time":"2 minutes"},"schema":{"@context":"https:\/\/schema.org","@graph":[{"@type":"WebPage","@id":"https:\/\/voracamping.no\/kajakkutleie\/","url":"https:\/\/voracamping.no\/kajakkutleie\/","name":"Kajakkutleie - V\u00f8ra Camping | Vestfolds fineste camping omr\u00e5de","isPartOf":{"@id":"https:\/\/voracamping.no\/#website"},"primaryImageOfPage":{"@id":"https:\/\/voracamping.no\/kajakkutleie\/#primaryimage"},"image":{"@id":"https:\/\/voracamping.no\/kajakkutleie\/#primaryimage"},"thumbnailUrl":"https:\/\/voracamping.no\/wp-content\/uploads\/2022\/02\/vora-camping.jpg","datePublished":"2022-02-10T16:03:04+00:00","dateModified":"2025-05-25T16:13:34+00:00","description":"Vi har utleie av bobiler for hele familien. Book en av v\u00e5re utleie biler i dag og opplev Vestfolds fineste camping omr\u00e5de.","breadcrumb":{"@id":"https:\/\/voracamping.no\/kajakkutleie\/#breadcrumb"},"inLanguage":"en-GB","potentialAction":[{"@type":"ReadAction","target":["https:\/\/voracamping.no\/kajakkutleie\/"]}]},{"@type":"ImageObject","inLanguage":"en-GB","@id":"https:\/\/voracamping.no\/kajakkutleie\/#primaryimage","url":"https:\/\/voracamping.no\/wp-content\/uploads\/2022\/02\/vora-camping.jpg","contentUrl":"https:\/\/voracamping.no\/wp-content\/uploads\/2022\/02\/vora-camping.jpg","width":2048,"height":1152},{"@type":"BreadcrumbList","@id":"https:\/\/voracamping.no\/kajakkutleie\/#breadcrumb","itemListElement":[{"@type":"ListItem","position":1,"name":"Hjem","item":"https:\/\/voracamping.no\/"},{"@type":"ListItem","position":2,"name":"Kajakkutleie"}]},{"@type":"WebSite","@id":"https:\/\/voracamping.no\/#website","url":"https:\/\/voracamping.no\/","name":"V\u00f8ra Camping","description":"Camping i Sandefjord","potentialAction":[{"@type":"SearchAction","target":{"@type":"EntryPoint","urlTemplate":"https:\/\/voracamping.no\/?s={search_term_string}"},"query-input":{"@type":"PropertyValueSpecification","valueRequired":true,"valueName":"search_term_string"}}],"inLanguage":"en-GB"}]}},"_links":{"self":[{"href":"https:\/\/voracamping.no\/en\/wp-json\/wp\/v2\/pages\/1438","targetHints":{"allow":["GET"]}}],"collection":[{"href":"https:\/\/voracamping.no\/en\/wp-json\/wp\/v2\/pages"}],"about":[{"href":"https:\/\/voracamping.no\/en\/wp-json\/wp\/v2\/types\/page"}],"author":[{"embeddable":true,"href":"https:\/\/voracamping.no\/en\/wp-json\/wp\/v2\/users\/1"}],"replies":[{"embeddable":true,"href":"https:\/\/voracamping.no\/en\/wp-json\/wp\/v2\/comments?post=1438"}],"version-history":[{"count":0,"href":"https:\/\/voracamping.no\/en\/wp-json\/wp\/v2\/pages\/1438\/revisions"}],"wp:featuredmedia":[{"embeddable":true,"href":"https:\/\/voracamping.no\/en\/wp-json\/wp\/v2\/media\/1178"}],"wp:attachment":[{"href":"https:\/\/voracamping.no\/en\/wp-json\/wp\/v2\/media?parent=1438"}],"curies":[{"name":"wp","href":"https:\/\/api.w.org\/{rel}","templated":true}]}}