{"id":26,"date":"2022-01-12T16:30:59","date_gmt":"2022-01-12T15:30:59","guid":{"rendered":"https:\/\/voracamping.no\/?page_id=26"},"modified":"2023-05-01T16:31:00","modified_gmt":"2023-05-01T15:31:00","slug":"om-oss","status":"publish","type":"page","link":"https:\/\/voracamping.no\/en\/about-us\/","title":{"rendered":"About"},"content":{"rendered":"<div data-elementor-type=\"wp-page\" data-elementor-id=\"26\" class=\"elementor elementor-26\" data-elementor-post-type=\"page\">\n\t\t\t\t\t\t<section class=\"elementor-section elementor-top-section elementor-element elementor-element-1c6e5e9d elementor-section-boxed elementor-section-height-default elementor-section-height-default\" data-id=\"1c6e5e9d\" data-element_type=\"section\" data-settings=\"{&quot;background_background&quot;:&quot;classic&quot;,&quot;shape_divider_bottom&quot;:&quot;pyramids&quot;,&quot;shape_divider_bottom_negative&quot;:&quot;yes&quot;}\">\n\t\t\t\t\t\t\t<div class=\"elementor-background-overlay\"><\/div>\n\t\t\t\t\t\t<div class=\"elementor-shape elementor-shape-bottom\" aria-hidden=\"true\" data-negative=\"true\">\n\t\t\t<svg xmlns=\"http:\/\/www.w3.org\/2000\/svg\" viewbox=\"0 0 1000 100\" preserveaspectratio=\"none\">\n\t<path class=\"elementor-shape-fill\" d=\"M761.9,40.6L643.1,24L333.9,93.8L0.1,1H0v99h1000V1\"\/>\n<\/svg>\t\t<\/div>\n\t\t\t\t\t<div class=\"elementor-container elementor-column-gap-no\">\n\t\t\t\t\t<div class=\"elementor-column elementor-col-100 elementor-top-column elementor-element elementor-element-56421f80\" data-id=\"56421f80\" data-element_type=\"column\">\n\t\t\t<div class=\"elementor-widget-wrap elementor-element-populated\">\n\t\t\t\t\t\t<div class=\"elementor-element elementor-element-261a561c elementor-widget elementor-widget-heading\" data-id=\"261a561c\" data-element_type=\"widget\" data-widget_type=\"heading.default\">\n\t\t\t\t<div class=\"elementor-widget-container\">\n\t\t\t\t\t<h1 class=\"elementor-heading-title elementor-size-default\">About<\/h1>\t\t\t\t<\/div>\n\t\t\t\t<\/div>\n\t\t\t\t\t<\/div>\n\t\t<\/div>\n\t\t\t\t\t<\/div>\n\t\t<\/section>\n\t\t\t\t<section class=\"elementor-section elementor-top-section elementor-element elementor-element-49e037a0 elementor-section-boxed elementor-section-height-default elementor-section-height-default\" data-id=\"49e037a0\" data-element_type=\"section\">\n\t\t\t\t\t\t<div class=\"elementor-container elementor-column-gap-no\">\n\t\t\t\t\t<div class=\"elementor-column elementor-col-50 elementor-top-column elementor-element elementor-element-415dd4c3\" data-id=\"415dd4c3\" data-element_type=\"column\">\n\t\t\t<div class=\"elementor-widget-wrap elementor-element-populated\">\n\t\t\t\t\t\t<div class=\"elementor-element elementor-element-67283592 elementor-widget elementor-widget-heading\" data-id=\"67283592\" data-element_type=\"widget\" data-widget_type=\"heading.default\">\n\t\t\t\t<div class=\"elementor-widget-container\">\n\t\t\t\t\t<h2 class=\"elementor-heading-title elementor-size-default\">V\u00f8ra Camping<\/h2>\t\t\t\t<\/div>\n\t\t\t\t<\/div>\n\t\t\t\t<div class=\"elementor-element elementor-element-483e1da8 elementor-widget elementor-widget-text-editor\" data-id=\"483e1da8\" data-element_type=\"widget\" data-widget_type=\"text-editor.default\">\n\t\t\t\t<div class=\"elementor-widget-container\">\n\t\t\t\t\t\t\t\t\t<p>V\u00f8ra Camping og Badeplass \u2012 V\u00f8ra Camping and Beach \u2012 is a family company run by Helge Langbach and his family. The main house by the beach was built in the early 1930s, but V\u00f8ra Camping has undergone major upgrades during the last 8 years. From being a site for motorhomes, caravans and tents only, we now have cabins\/apartments with 48 beds in total \u2012 everything from 1-room apartments to cabins with 3 bedrooms. These all maintain a high level of standard.<\/p><p>We and our staff will do our best to ensure your comfort at V\u00f8ra. The reception is in the main building. In the middle of the area, you will find the service building with toilets, showers, handicap room, changing room, washing\/drying room, and a communal kitchen. There is also a separate room for emptying toilet cassettes \u2012 all modern and of a high standard.<\/p><p>Ved siden av servicebygget ligger plassens lekeplass.\u00a0 Ved lekeplassen er det ogs\u00e5 en kiosk \u2013 \u00e5pen fra ultimo mai til primo august. P\u00e5 stranden har vi en isbar som er \u00e5pent p\u00e5 \u201dStrand dager\u201d. V\u00f8ra Camping og Badeplass ligger ca. 9 km fra Sandefjord sentrum \u2013 vestvendt ned mot Sandefjordsfjorden. Campingplassen grenser til en av Vestfolds fineste badestrender. Vi \u00f8nsker alle hjertelig velkommen til V\u00f8ra Camping og badestrand.<\/p>\t\t\t\t\t\t\t\t<\/div>\n\t\t\t\t<\/div>\n\t\t\t\t\t<\/div>\n\t\t<\/div>\n\t\t\t\t<div class=\"elementor-column elementor-col-50 elementor-top-column elementor-element elementor-element-7859864d\" data-id=\"7859864d\" data-element_type=\"column\">\n\t\t\t<div class=\"elementor-widget-wrap elementor-element-populated\">\n\t\t\t\t\t\t<div class=\"elementor-element elementor-element-248ba95c elementor-widget elementor-widget-image\" data-id=\"248ba95c\" data-element_type=\"widget\" data-widget_type=\"image.default\">\n\t\t\t\t<div class=\"elementor-widget-container\">\n\t\t\t\t\t\t\t\t\t\t\t\t\t\t\t<img fetchpriority=\"high\" decoding=\"async\" width=\"552\" height=\"368\" src=\"https:\/\/voracamping.no\/wp-content\/uploads\/2022\/01\/IMG_2789-552x368-1.jpg\" class=\"attachment-full size-full wp-image-156\" alt=\"\" srcset=\"https:\/\/voracamping.no\/wp-content\/uploads\/2022\/01\/IMG_2789-552x368-1.jpg 552w, https:\/\/voracamping.no\/wp-content\/uploads\/2022\/01\/IMG_2789-552x368-1-300x200.jpg 300w\" sizes=\"(max-width: 552px) 100vw, 552px\" \/>\t\t\t\t\t\t\t\t\t\t\t\t\t\t\t<\/div>\n\t\t\t\t<\/div>\n\t\t\t\t<div class=\"elementor-element elementor-element-32fb9df9 elementor-widget__width-initial elementor-absolute elementor-widget-mobile__width-initial elementor-widget elementor-widget-image\" data-id=\"32fb9df9\" data-element_type=\"widget\" data-settings=\"{&quot;_position&quot;:&quot;absolute&quot;}\" data-widget_type=\"image.default\">\n\t\t\t\t<div class=\"elementor-widget-container\">\n\t\t\t\t\t\t\t\t\t\t\t\t\t\t\t<img decoding=\"async\" width=\"552\" height=\"368\" src=\"https:\/\/voracamping.no\/wp-content\/uploads\/2021\/03\/IMG_2694-552x368-1.jpg\" class=\"attachment-full size-full wp-image-235\" alt=\"\" srcset=\"https:\/\/voracamping.no\/wp-content\/uploads\/2021\/03\/IMG_2694-552x368-1.jpg 552w, https:\/\/voracamping.no\/wp-content\/uploads\/2021\/03\/IMG_2694-552x368-1-300x200.jpg 300w\" sizes=\"(max-width: 552px) 100vw, 552px\" \/>\t\t\t\t\t\t\t\t\t\t\t\t\t\t\t<\/div>\n\t\t\t\t<\/div>\n\t\t\t\t\t<\/div>\n\t\t<\/div>\n\t\t\t\t\t<\/div>\n\t\t<\/section>\n\t\t\t\t<section class=\"elementor-section elementor-top-section elementor-element elementor-element-5994860d elementor-section-boxed elementor-section-height-default elementor-section-height-default\" data-id=\"5994860d\" data-element_type=\"section\" data-settings=\"{&quot;background_background&quot;:&quot;classic&quot;}\">\n\t\t\t\t\t\t\t<div class=\"elementor-background-overlay\"><\/div>\n\t\t\t\t\t\t\t<div class=\"elementor-container elementor-column-gap-no\">\n\t\t\t\t\t<div class=\"elementor-column elementor-col-100 elementor-top-column elementor-element elementor-element-6c5747c8\" data-id=\"6c5747c8\" data-element_type=\"column\">\n\t\t\t<div class=\"elementor-widget-wrap elementor-element-populated\">\n\t\t\t\t\t\t<div class=\"elementor-element elementor-element-1decbc6 elementor-widget elementor-widget-heading\" data-id=\"1decbc6\" data-element_type=\"widget\" data-widget_type=\"heading.default\">\n\t\t\t\t<div class=\"elementor-widget-container\">\n\t\t\t\t\t<h2 class=\"elementor-heading-title elementor-size-default\">We offer accommodation for everyone<\/h2>\t\t\t\t<\/div>\n\t\t\t\t<\/div>\n\t\t\t\t<div class=\"elementor-element elementor-element-583db167 elementor-widget elementor-widget-text-editor\" data-id=\"583db167\" data-element_type=\"widget\" data-widget_type=\"text-editor.default\">\n\t\t\t\t<div class=\"elementor-widget-container\">\n\t\t\t\t\t\t\t\t\t<p>V\u00f8ra Camping in Sandefjord is open all year round for accommodation in apartments and cabins.\u00a0<\/p>\t\t\t\t\t\t\t\t<\/div>\n\t\t\t\t<\/div>\n\t\t\t\t<div class=\"elementor-element elementor-element-2d0c2e32 elementor-align-center elementor-widget elementor-widget-button\" data-id=\"2d0c2e32\" data-element_type=\"widget\" data-widget_type=\"button.default\">\n\t\t\t\t<div class=\"elementor-widget-container\">\n\t\t\t\t\t\t\t\t\t<div class=\"elementor-button-wrapper\">\n\t\t\t\t\t<a class=\"elementor-button elementor-button-link elementor-size-sm\" href=\"\/en\/book-accommodation\/\">\n\t\t\t\t\t\t<span class=\"elementor-button-content-wrapper\">\n\t\t\t\t\t\t\t\t\t<span class=\"elementor-button-text\">Book accommodation<\/span>\n\t\t\t\t\t<\/span>\n\t\t\t\t\t<\/a>\n\t\t\t\t<\/div>\n\t\t\t\t\t\t\t\t<\/div>\n\t\t\t\t<\/div>\n\t\t\t\t\t<\/div>\n\t\t<\/div>\n\t\t\t\t\t<\/div>\n\t\t<\/section>\n\t\t\t\t<\/div>","protected":false},"excerpt":{"rendered":"<p>Om oss V\u00f8ra Camping V\u00f8ra Camping og Badeplass er et familieselskap drevet av Helge Langbach og hans familie. Hovedhuset ved stranden er bygget i begynnelsen av 1930 \u00e5rene men det er i de siste 8 \u00e5rene som det har skjedd store oppgraderinger p\u00e5 V\u00f8ra. Fra \u00e5 v\u00e6re en plass med kun campingvogner\/telt har vi i [&hellip;]<\/p>","protected":false},"author":1,"featured_media":1178,"parent":0,"menu_order":0,"comment_status":"closed","ping_status":"closed","template":"elementor_header_footer","meta":{"footnotes":""},"class_list":["post-26","page","type-page","status-publish","has-post-thumbnail","hentry"],"yoast_head":"<!-- This site is optimized with the Yoast SEO plugin v25.5 - https:\/\/yoast.com\/wordpress\/plugins\/seo\/ -->\n<title>Om oss - V\u00f8ra Camping<\/title>\n<meta name=\"description\" content=\"V\u00f8ra Camping og Badeplass er et familieselskap drevet av Helge Langbach og hans familie. Velkommen til V\u00f8ra Camping!\" \/>\n<meta name=\"robots\" content=\"index, follow, max-snippet:-1, max-image-preview:large, max-video-preview:-1\" \/>\n<link rel=\"canonical\" href=\"https:\/\/voracamping.no\/en\/about-us\/\" \/>\n<meta property=\"og:locale\" content=\"en_GB\" \/>\n<meta property=\"og:type\" content=\"article\" \/>\n<meta property=\"og:title\" content=\"Om oss - V\u00f8ra Camping\" \/>\n<meta property=\"og:description\" content=\"V\u00f8ra Camping og Badeplass er et familieselskap drevet av Helge Langbach og hans familie. Velkommen til V\u00f8ra Camping!\" \/>\n<meta property=\"og:url\" content=\"https:\/\/voracamping.no\/en\/about-us\/\" \/>\n<meta property=\"og:site_name\" content=\"V\u00f8ra Camping\" \/>\n<meta property=\"article:modified_time\" content=\"2023-05-01T15:31:00+00:00\" \/>\n<meta property=\"og:image\" content=\"https:\/\/voracamping.no\/wp-content\/uploads\/2022\/02\/vora-camping.jpg\" \/>\n\t<meta property=\"og:image:width\" content=\"2048\" \/>\n\t<meta property=\"og:image:height\" content=\"1152\" \/>\n\t<meta property=\"og:image:type\" content=\"image\/jpeg\" \/>\n<meta name=\"twitter:card\" content=\"summary_large_image\" \/>\n<meta name=\"twitter:title\" content=\"Om oss - V\u00f8ra Camping\" \/>\n<meta name=\"twitter:description\" content=\"V\u00f8ra Camping og Badeplass er et familieselskap drevet av Helge Langbach og hans familie. Velkommen til V\u00f8ra Camping!\" \/>\n<meta name=\"twitter:image\" content=\"https:\/\/voracamping.no\/wp-content\/uploads\/2022\/02\/vora-camping.jpg\" \/>\n<meta name=\"twitter:label1\" content=\"Estimated reading time\" \/>\n\t<meta name=\"twitter:data1\" content=\"2 minutes\" \/>\n<!-- \/ Yoast SEO plugin. -->","yoast_head_json":{"title":"About us - V\u00f8ra Camping","description":"V\u00f8ra Camping og Badeplass er et familieselskap drevet av Helge Langbach og hans familie. Velkommen til V\u00f8ra Camping!","robots":{"index":"index","follow":"follow","max-snippet":"max-snippet:-1","max-image-preview":"max-image-preview:large","max-video-preview":"max-video-preview:-1"},"canonical":"https:\/\/voracamping.no\/en\/about-us\/","og_locale":"en_GB","og_type":"article","og_title":"Om oss - V\u00f8ra Camping","og_description":"V\u00f8ra Camping og Badeplass er et familieselskap drevet av Helge Langbach og hans familie. Velkommen til V\u00f8ra Camping!","og_url":"https:\/\/voracamping.no\/en\/about-us\/","og_site_name":"V\u00f8ra Camping","article_modified_time":"2023-05-01T15:31:00+00:00","og_image":[{"width":2048,"height":1152,"url":"https:\/\/voracamping.no\/wp-content\/uploads\/2022\/02\/vora-camping.jpg","type":"image\/jpeg"}],"twitter_card":"summary_large_image","twitter_title":"Om oss - V\u00f8ra Camping","twitter_description":"V\u00f8ra Camping og Badeplass er et familieselskap drevet av Helge Langbach og hans familie. Velkommen til V\u00f8ra Camping!","twitter_image":"https:\/\/voracamping.no\/wp-content\/uploads\/2022\/02\/vora-camping.jpg","twitter_misc":{"Estimated reading time":"2 minutes"},"schema":{"@context":"https:\/\/schema.org","@graph":[{"@type":"WebPage","@id":"https:\/\/voracamping.no\/om-oss\/","url":"https:\/\/voracamping.no\/om-oss\/","name":"About us - V\u00f8ra Camping","isPartOf":{"@id":"https:\/\/voracamping.no\/#website"},"primaryImageOfPage":{"@id":"https:\/\/voracamping.no\/om-oss\/#primaryimage"},"image":{"@id":"https:\/\/voracamping.no\/om-oss\/#primaryimage"},"thumbnailUrl":"https:\/\/voracamping.no\/wp-content\/uploads\/2022\/02\/vora-camping.jpg","datePublished":"2022-01-12T15:30:59+00:00","dateModified":"2023-05-01T15:31:00+00:00","description":"V\u00f8ra Camping og Badeplass er et familieselskap drevet av Helge Langbach og hans familie. Velkommen til V\u00f8ra Camping!","breadcrumb":{"@id":"https:\/\/voracamping.no\/om-oss\/#breadcrumb"},"inLanguage":"en-GB","potentialAction":[{"@type":"ReadAction","target":["https:\/\/voracamping.no\/om-oss\/"]}]},{"@type":"ImageObject","inLanguage":"en-GB","@id":"https:\/\/voracamping.no\/om-oss\/#primaryimage","url":"https:\/\/voracamping.no\/wp-content\/uploads\/2022\/02\/vora-camping.jpg","contentUrl":"https:\/\/voracamping.no\/wp-content\/uploads\/2022\/02\/vora-camping.jpg","width":2048,"height":1152},{"@type":"BreadcrumbList","@id":"https:\/\/voracamping.no\/om-oss\/#breadcrumb","itemListElement":[{"@type":"ListItem","position":1,"name":"Hjem","item":"https:\/\/voracamping.no\/"},{"@type":"ListItem","position":2,"name":"Om oss"}]},{"@type":"WebSite","@id":"https:\/\/voracamping.no\/#website","url":"https:\/\/voracamping.no\/","name":"V\u00f8ra Camping","description":"Camping i Sandefjord","potentialAction":[{"@type":"SearchAction","target":{"@type":"EntryPoint","urlTemplate":"https:\/\/voracamping.no\/?s={search_term_string}"},"query-input":{"@type":"PropertyValueSpecification","valueRequired":true,"valueName":"search_term_string"}}],"inLanguage":"en-GB"}]}},"_links":{"self":[{"href":"https:\/\/voracamping.no\/en\/wp-json\/wp\/v2\/pages\/26","targetHints":{"allow":["GET"]}}],"collection":[{"href":"https:\/\/voracamping.no\/en\/wp-json\/wp\/v2\/pages"}],"about":[{"href":"https:\/\/voracamping.no\/en\/wp-json\/wp\/v2\/types\/page"}],"author":[{"embeddable":true,"href":"https:\/\/voracamping.no\/en\/wp-json\/wp\/v2\/users\/1"}],"replies":[{"embeddable":true,"href":"https:\/\/voracamping.no\/en\/wp-json\/wp\/v2\/comments?post=26"}],"version-history":[{"count":0,"href":"https:\/\/voracamping.no\/en\/wp-json\/wp\/v2\/pages\/26\/revisions"}],"wp:featuredmedia":[{"embeddable":true,"href":"https:\/\/voracamping.no\/en\/wp-json\/wp\/v2\/media\/1178"}],"wp:attachment":[{"href":"https:\/\/voracamping.no\/en\/wp-json\/wp\/v2\/media?parent=26"}],"curies":[{"name":"wp","href":"https:\/\/api.w.org\/{rel}","templated":true}]}}