{"id":694,"date":"2022-01-24T11:30:35","date_gmt":"2022-01-24T10:30:35","guid":{"rendered":"https:\/\/voracamping.no\/?page_id=694"},"modified":"2022-08-04T12:07:44","modified_gmt":"2022-08-04T11:07:44","slug":"nyheter","status":"publish","type":"page","link":"https:\/\/voracamping.no\/en\/nyheter\/","title":{"rendered":"News"},"content":{"rendered":"<div data-elementor-type=\"wp-page\" data-elementor-id=\"694\" class=\"elementor elementor-694\" data-elementor-post-type=\"page\">\n\t\t\t\t\t\t<section class=\"elementor-section elementor-top-section elementor-element elementor-element-53743d51 elementor-section-boxed elementor-section-height-default elementor-section-height-default\" data-id=\"53743d51\" data-element_type=\"section\" data-settings=\"{&quot;background_background&quot;:&quot;classic&quot;,&quot;shape_divider_bottom&quot;:&quot;pyramids&quot;,&quot;shape_divider_bottom_negative&quot;:&quot;yes&quot;}\">\n\t\t\t\t\t\t\t<div class=\"elementor-background-overlay\"><\/div>\n\t\t\t\t\t\t<div class=\"elementor-shape elementor-shape-bottom\" aria-hidden=\"true\" data-negative=\"true\">\n\t\t\t<svg xmlns=\"http:\/\/www.w3.org\/2000\/svg\" viewbox=\"0 0 1000 100\" preserveaspectratio=\"none\">\n\t<path class=\"elementor-shape-fill\" d=\"M761.9,40.6L643.1,24L333.9,93.8L0.1,1H0v99h1000V1\"\/>\n<\/svg>\t\t<\/div>\n\t\t\t\t\t<div class=\"elementor-container elementor-column-gap-no\">\n\t\t\t\t\t<div class=\"elementor-column elementor-col-100 elementor-top-column elementor-element elementor-element-6e96594\" data-id=\"6e96594\" data-element_type=\"column\">\n\t\t\t<div class=\"elementor-widget-wrap elementor-element-populated\">\n\t\t\t\t\t\t<div class=\"elementor-element elementor-element-f043e24 elementor-widget elementor-widget-heading\" data-id=\"f043e24\" data-element_type=\"widget\" data-widget_type=\"heading.default\">\n\t\t\t\t<div class=\"elementor-widget-container\">\n\t\t\t\t\t<h1 class=\"elementor-heading-title elementor-size-default\">News<\/h1>\t\t\t\t<\/div>\n\t\t\t\t<\/div>\n\t\t\t\t\t<\/div>\n\t\t<\/div>\n\t\t\t\t\t<\/div>\n\t\t<\/section>\n\t\t\t\t<section class=\"elementor-section elementor-top-section elementor-element elementor-element-2ebdef9d elementor-section-boxed elementor-section-height-default elementor-section-height-default\" data-id=\"2ebdef9d\" data-element_type=\"section\">\n\t\t\t\t\t\t<div class=\"elementor-container elementor-column-gap-no\">\n\t\t\t\t\t<div class=\"elementor-column elementor-col-100 elementor-top-column elementor-element elementor-element-16b6b337\" data-id=\"16b6b337\" data-element_type=\"column\">\n\t\t\t<div class=\"elementor-widget-wrap elementor-element-populated\">\n\t\t\t\t\t\t<div class=\"elementor-element elementor-element-529b231 elementor-grid-3 elementor-grid-tablet-2 elementor-grid-mobile-1 elementor-posts--thumbnail-top elementor-card-shadow-yes elementor-posts__hover-gradient elementor-widget elementor-widget-posts\" data-id=\"529b231\" data-element_type=\"widget\" data-settings=\"{&quot;pagination_type&quot;:&quot;numbers&quot;,&quot;cards_columns&quot;:&quot;3&quot;,&quot;cards_columns_tablet&quot;:&quot;2&quot;,&quot;cards_columns_mobile&quot;:&quot;1&quot;,&quot;cards_row_gap&quot;:{&quot;unit&quot;:&quot;px&quot;,&quot;size&quot;:35,&quot;sizes&quot;:[]},&quot;cards_row_gap_tablet&quot;:{&quot;unit&quot;:&quot;px&quot;,&quot;size&quot;:&quot;&quot;,&quot;sizes&quot;:[]},&quot;cards_row_gap_mobile&quot;:{&quot;unit&quot;:&quot;px&quot;,&quot;size&quot;:&quot;&quot;,&quot;sizes&quot;:[]}}\" data-widget_type=\"posts.cards\">\n\t\t\t\t<div class=\"elementor-widget-container\">\n\t\t\t\t\t\t\t<div class=\"elementor-posts-container elementor-posts elementor-posts--skin-cards elementor-grid\" role=\"list\">\n\t\t\t\t<article class=\"elementor-post elementor-grid-item post-2540 post type-post status-publish format-standard has-post-thumbnail hentry category-aktuelt\" role=\"listitem\">\n\t\t\t<div class=\"elementor-post__card\">\n\t\t\t\t<a class=\"elementor-post__thumbnail__link\" href=\"https:\/\/voracamping.no\/en\/hytteutleie-sandefjord\/\" tabindex=\"-1\" ><div class=\"elementor-post__thumbnail\"><img fetchpriority=\"high\" decoding=\"async\" width=\"552\" height=\"368\" src=\"https:\/\/voracamping.no\/wp-content\/uploads\/2021\/03\/IMG_2694-552x368-1.jpg\" class=\"attachment-large size-large wp-image-235\" alt=\"\" srcset=\"https:\/\/voracamping.no\/wp-content\/uploads\/2021\/03\/IMG_2694-552x368-1.jpg 552w, https:\/\/voracamping.no\/wp-content\/uploads\/2021\/03\/IMG_2694-552x368-1-300x200.jpg 300w\" sizes=\"(max-width: 552px) 100vw, 552px\" \/><\/div><\/a>\n\t\t\t\t<div class=\"elementor-post__text\">\n\t\t\t\t<h3 class=\"elementor-post__title\">\n\t\t\t<a href=\"https:\/\/voracamping.no\/en\/hytteutleie-sandefjord\/\" >\n\t\t\t\tHytteutleie Sandefjord\t\t\t<\/a>\n\t\t<\/h3>\n\t\t\t\t<div class=\"elementor-post__excerpt\">\n\t\t\t<p>Sandefjord har blitt en popul\u00e6r feriedestinasjon i Norge. Her finnes det mange flotte muligheter for bading, aktiviteter og hyggelige sammenkomster. V\u00e5re hytter Her hos oss<\/p>\n\t\t<\/div>\n\t\t\n\t\t<a class=\"elementor-post__read-more\" href=\"https:\/\/voracamping.no\/en\/hytteutleie-sandefjord\/\" aria-label=\"Read more about Hytteutleie Sandefjord\" tabindex=\"-1\" >\n\t\t\tRead more \u00bb\t\t<\/a>\n\n\t\t\t\t<\/div>\n\t\t\t\t<div class=\"elementor-post__meta-data\">\n\t\t\t\t\t<span class=\"elementor-post-date\">\n\t\t\tSeptember 13, 2023\t\t<\/span>\n\t\t\t\t<\/div>\n\t\t\t\t\t<\/div>\n\t\t<\/article>\n\t\t\t\t<article class=\"elementor-post elementor-grid-item post-201 post type-post status-publish format-standard has-post-thumbnail hentry category-aktuelt\" role=\"listitem\">\n\t\t\t<div class=\"elementor-post__card\">\n\t\t\t\t<a class=\"elementor-post__thumbnail__link\" href=\"https:\/\/voracamping.no\/en\/arrangement-2021\/\" tabindex=\"-1\" ><div class=\"elementor-post__thumbnail\"><img decoding=\"async\" width=\"800\" height=\"250\" src=\"https:\/\/voracamping.no\/wp-content\/uploads\/2021\/05\/11.jpg\" class=\"attachment-large size-large wp-image-236\" alt=\"\" srcset=\"https:\/\/voracamping.no\/wp-content\/uploads\/2021\/05\/11.jpg 800w, https:\/\/voracamping.no\/wp-content\/uploads\/2021\/05\/11-300x94.jpg 300w, https:\/\/voracamping.no\/wp-content\/uploads\/2021\/05\/11-768x240.jpg 768w\" sizes=\"(max-width: 800px) 100vw, 800px\" \/><\/div><\/a>\n\t\t\t\t<div class=\"elementor-post__text\">\n\t\t\t\t<h3 class=\"elementor-post__title\">\n\t\t\t<a href=\"https:\/\/voracamping.no\/en\/arrangement-2021\/\" >\n\t\t\t\tArrangement 2025\t\t\t<\/a>\n\t\t<\/h3>\n\t\t\t\t<div class=\"elementor-post__excerpt\">\n\t\t\t<p>DETTE SKJER P\u00c5 V\u00d8RA CAMPING SOMMEREN 2025 Alle er velkomne og det er alltid gratis\u00a0 23. juni: \u00a0St. Hans\u00a0 I \u00e5r s\u00e5 vil vi ha<\/p>\n\t\t<\/div>\n\t\t\n\t\t<a class=\"elementor-post__read-more\" href=\"https:\/\/voracamping.no\/en\/arrangement-2021\/\" aria-label=\"Read more about Arrangement 2025\" tabindex=\"-1\" >\n\t\t\tRead more \u00bb\t\t<\/a>\n\n\t\t\t\t<\/div>\n\t\t\t\t<div class=\"elementor-post__meta-data\">\n\t\t\t\t\t<span class=\"elementor-post-date\">\n\t\t\tMay 29, 2021\t\t<\/span>\n\t\t\t\t<\/div>\n\t\t\t\t\t<\/div>\n\t\t<\/article>\n\t\t\t\t<article class=\"elementor-post elementor-grid-item post-199 post type-post status-publish format-standard has-post-thumbnail hentry category-aktuelt\" role=\"listitem\">\n\t\t\t<div class=\"elementor-post__card\">\n\t\t\t\t<a class=\"elementor-post__thumbnail__link\" href=\"https:\/\/voracamping.no\/en\/dognplasser-campingvogn-og-telt\/\" tabindex=\"-1\" ><div class=\"elementor-post__thumbnail\"><img fetchpriority=\"high\" decoding=\"async\" width=\"552\" height=\"368\" src=\"https:\/\/voracamping.no\/wp-content\/uploads\/2021\/03\/IMG_2694-552x368-1.jpg\" class=\"attachment-large size-large wp-image-235\" alt=\"\" srcset=\"https:\/\/voracamping.no\/wp-content\/uploads\/2021\/03\/IMG_2694-552x368-1.jpg 552w, https:\/\/voracamping.no\/wp-content\/uploads\/2021\/03\/IMG_2694-552x368-1-300x200.jpg 300w\" sizes=\"(max-width: 552px) 100vw, 552px\" \/><\/div><\/a>\n\t\t\t\t<div class=\"elementor-post__text\">\n\t\t\t\t<h3 class=\"elementor-post__title\">\n\t\t\t<a href=\"https:\/\/voracamping.no\/en\/dognplasser-campingvogn-og-telt\/\" >\n\t\t\t\t24-hour bookings Caravans and Tents\t\t\t<\/a>\n\t\t<\/h3>\n\t\t\t\t<div class=\"elementor-post__excerpt\">\n\t\t\t<p>Season 2023 You are most welcome to stay at V\u00f8ra camping for one or more days. We have great 24-hour pitches for motorhomes, caravans and<\/p>\n\t\t<\/div>\n\t\t\n\t\t<a class=\"elementor-post__read-more\" href=\"https:\/\/voracamping.no\/en\/dognplasser-campingvogn-og-telt\/\" aria-label=\"Read more about D\u00f8gnplasser Campingvogn og Telt\" tabindex=\"-1\" >\n\t\t\tRead more \u00bb\t\t<\/a>\n\n\t\t\t\t<\/div>\n\t\t\t\t<div class=\"elementor-post__meta-data\">\n\t\t\t\t\t<span class=\"elementor-post-date\">\n\t\t\tMarch 15, 2021\t\t<\/span>\n\t\t\t\t<\/div>\n\t\t\t\t\t<\/div>\n\t\t<\/article>\n\t\t\t\t<article class=\"elementor-post elementor-grid-item post-197 post type-post status-publish format-standard has-post-thumbnail hentry category-aktuelt\" role=\"listitem\">\n\t\t\t<div class=\"elementor-post__card\">\n\t\t\t\t<a class=\"elementor-post__thumbnail__link\" href=\"https:\/\/voracamping.no\/en\/generelle-ordensregler-for-vora-camping\/\" tabindex=\"-1\" ><div class=\"elementor-post__thumbnail\"><img decoding=\"async\" width=\"800\" height=\"532\" src=\"https:\/\/voracamping.no\/wp-content\/uploads\/2022\/01\/vora1.jpg\" class=\"attachment-large size-large wp-image-183\" alt=\"\" srcset=\"https:\/\/voracamping.no\/wp-content\/uploads\/2022\/01\/vora1.jpg 1024w, https:\/\/voracamping.no\/wp-content\/uploads\/2022\/01\/vora1-300x200.jpg 300w, https:\/\/voracamping.no\/wp-content\/uploads\/2022\/01\/vora1-768x511.jpg 768w\" sizes=\"(max-width: 800px) 100vw, 800px\" \/><\/div><\/a>\n\t\t\t\t<div class=\"elementor-post__text\">\n\t\t\t\t<h3 class=\"elementor-post__title\">\n\t\t\t<a href=\"https:\/\/voracamping.no\/en\/generelle-ordensregler-for-vora-camping\/\" >\n\t\t\t\tGeneral rules for V\u00f8ra Camping\t\t\t<\/a>\n\t\t<\/h3>\n\t\t\t\t<div class=\"elementor-post__excerpt\">\n\t\t\t<p>Driver har eiers rett til avvisning ved brudd p\u00e5 \u00abGenerelle ordensregler for V\u00f8ra camping\u00bb. Avtale for sesonggjester: Vi p\u00e5 V\u00f8ra Camping \u00f8nsker dere et fint<\/p>\n\t\t<\/div>\n\t\t\n\t\t<a class=\"elementor-post__read-more\" href=\"https:\/\/voracamping.no\/en\/generelle-ordensregler-for-vora-camping\/\" aria-label=\"Read more about Generelle ordensregler for V\u00f8ra Camping\" tabindex=\"-1\" >\n\t\t\tRead more \u00bb\t\t<\/a>\n\n\t\t\t\t<\/div>\n\t\t\t\t<div class=\"elementor-post__meta-data\">\n\t\t\t\t\t<span class=\"elementor-post-date\">\n\t\t\tFebruary 26, 2020\t\t<\/span>\n\t\t\t\t<\/div>\n\t\t\t\t\t<\/div>\n\t\t<\/article>\n\t\t\t\t<article class=\"elementor-post elementor-grid-item post-1679 post type-post status-publish format-standard has-post-thumbnail hentry category-aktuelt\" role=\"listitem\">\n\t\t\t<div class=\"elementor-post__card\">\n\t\t\t\t<a class=\"elementor-post__thumbnail__link\" href=\"https:\/\/voracamping.no\/en\/pa-ferie-med-bobil\/\" tabindex=\"-1\" ><div class=\"elementor-post__thumbnail\"><img loading=\"lazy\" decoding=\"async\" width=\"800\" height=\"447\" src=\"https:\/\/voracamping.no\/wp-content\/uploads\/2022\/01\/bobil-1024x572.png\" class=\"attachment-large size-large wp-image-325\" alt=\"\" srcset=\"https:\/\/voracamping.no\/wp-content\/uploads\/2022\/01\/bobil-1024x572.png 1024w, https:\/\/voracamping.no\/wp-content\/uploads\/2022\/01\/bobil-300x167.png 300w, https:\/\/voracamping.no\/wp-content\/uploads\/2022\/01\/bobil-768x429.png 768w, https:\/\/voracamping.no\/wp-content\/uploads\/2022\/01\/bobil.png 1494w\" sizes=\"(max-width: 800px) 100vw, 800px\" \/><\/div><\/a>\n\t\t\t\t<div class=\"elementor-post__text\">\n\t\t\t\t<h3 class=\"elementor-post__title\">\n\t\t\t<a href=\"https:\/\/voracamping.no\/en\/pa-ferie-med-bobil\/\" >\n\t\t\t\tOn holiday with a motorhome?\t\t\t<\/a>\n\t\t<\/h3>\n\t\t\t\t<div class=\"elementor-post__excerpt\">\n\t\t\t<p>Then you should take a closer look at our motorhome parking! Because here at V\u00f8ra Camping, we have over the years made arrangements for boats<\/p>\n\t\t<\/div>\n\t\t\n\t\t<a class=\"elementor-post__read-more\" href=\"https:\/\/voracamping.no\/en\/pa-ferie-med-bobil\/\" aria-label=\"Read more about P\u00e5 ferie med bobil?\" tabindex=\"-1\" >\n\t\t\tRead more \u00bb\t\t<\/a>\n\n\t\t\t\t<\/div>\n\t\t\t\t<div class=\"elementor-post__meta-data\">\n\t\t\t\t\t<span class=\"elementor-post-date\">\n\t\t\tFebruary 20, 2019\t\t<\/span>\n\t\t\t\t<\/div>\n\t\t\t\t\t<\/div>\n\t\t<\/article>\n\t\t\t\t<article class=\"elementor-post elementor-grid-item post-1677 post type-post status-publish format-standard has-post-thumbnail hentry category-aktuelt\" role=\"listitem\">\n\t\t\t<div class=\"elementor-post__card\">\n\t\t\t\t<a class=\"elementor-post__thumbnail__link\" href=\"https:\/\/voracamping.no\/en\/bobilutleie-for-deg-som-onsker-en-fleksibel-ferie\/\" tabindex=\"-1\" ><div class=\"elementor-post__thumbnail\"><img loading=\"lazy\" decoding=\"async\" width=\"800\" height=\"447\" src=\"https:\/\/voracamping.no\/wp-content\/uploads\/2022\/01\/bobil-1024x572.png\" class=\"attachment-large size-large wp-image-325\" alt=\"\" srcset=\"https:\/\/voracamping.no\/wp-content\/uploads\/2022\/01\/bobil-1024x572.png 1024w, https:\/\/voracamping.no\/wp-content\/uploads\/2022\/01\/bobil-300x167.png 300w, https:\/\/voracamping.no\/wp-content\/uploads\/2022\/01\/bobil-768x429.png 768w, https:\/\/voracamping.no\/wp-content\/uploads\/2022\/01\/bobil.png 1494w\" sizes=\"(max-width: 800px) 100vw, 800px\" \/><\/div><\/a>\n\t\t\t\t<div class=\"elementor-post__text\">\n\t\t\t\t<h3 class=\"elementor-post__title\">\n\t\t\t<a href=\"https:\/\/voracamping.no\/en\/bobilutleie-for-deg-som-onsker-en-fleksibel-ferie\/\" >\n\t\t\t\tBobilutleie &#8211; for deg som \u00f8nsker en fleksibel ferie\t\t\t<\/a>\n\t\t<\/h3>\n\t\t\t\t<div class=\"elementor-post__excerpt\">\n\t\t\t<p>Fleksibiliteten og de mange fordelene er hoved\u00e5rsakene til at stadig flere nordmenn velger bobilutleie n\u00e5r de skal p\u00e5 ferie. Ved \u00e5 reise med bobil bestemmer<\/p>\n\t\t<\/div>\n\t\t\n\t\t<a class=\"elementor-post__read-more\" href=\"https:\/\/voracamping.no\/en\/bobilutleie-for-deg-som-onsker-en-fleksibel-ferie\/\" aria-label=\"Read more about Bobilutleie &#8211; for deg som \u00f8nsker en fleksibel ferie\" tabindex=\"-1\" >\n\t\t\tRead more \u00bb\t\t<\/a>\n\n\t\t\t\t<\/div>\n\t\t\t\t<div class=\"elementor-post__meta-data\">\n\t\t\t\t\t<span class=\"elementor-post-date\">\n\t\t\tFebruary 20, 2019\t\t<\/span>\n\t\t\t\t<\/div>\n\t\t\t\t\t<\/div>\n\t\t<\/article>\n\t\t\t\t<article class=\"elementor-post elementor-grid-item post-1675 post type-post status-publish format-standard has-post-thumbnail hentry category-aktuelt\" role=\"listitem\">\n\t\t\t<div class=\"elementor-post__card\">\n\t\t\t\t<a class=\"elementor-post__thumbnail__link\" href=\"https:\/\/voracamping.no\/en\/overnatting-i-hjertet-av-sandefjord\/\" tabindex=\"-1\" ><div class=\"elementor-post__thumbnail\"><img fetchpriority=\"high\" decoding=\"async\" width=\"552\" height=\"368\" src=\"https:\/\/voracamping.no\/wp-content\/uploads\/2021\/03\/IMG_2694-552x368-1.jpg\" class=\"attachment-large size-large wp-image-235\" alt=\"\" srcset=\"https:\/\/voracamping.no\/wp-content\/uploads\/2021\/03\/IMG_2694-552x368-1.jpg 552w, https:\/\/voracamping.no\/wp-content\/uploads\/2021\/03\/IMG_2694-552x368-1-300x200.jpg 300w\" sizes=\"(max-width: 552px) 100vw, 552px\" \/><\/div><\/a>\n\t\t\t\t<div class=\"elementor-post__text\">\n\t\t\t\t<h3 class=\"elementor-post__title\">\n\t\t\t<a href=\"https:\/\/voracamping.no\/en\/overnatting-i-hjertet-av-sandefjord\/\" >\n\t\t\t\tOvernatting i hjertet av Sandefjord\t\t\t<\/a>\n\t\t<\/h3>\n\t\t\t\t<div class=\"elementor-post__excerpt\">\n\t\t\t<p>Sandefjord og Vestfold er godt kjent for sine sommerperler langs med kysten, og tar imot mange gjester fra b\u00e5de inn- og utland som \u00f8nsker \u00e5<\/p>\n\t\t<\/div>\n\t\t\n\t\t<a class=\"elementor-post__read-more\" href=\"https:\/\/voracamping.no\/en\/overnatting-i-hjertet-av-sandefjord\/\" aria-label=\"Read more about Overnatting i hjertet av Sandefjord\" tabindex=\"-1\" >\n\t\t\tRead more \u00bb\t\t<\/a>\n\n\t\t\t\t<\/div>\n\t\t\t\t<div class=\"elementor-post__meta-data\">\n\t\t\t\t\t<span class=\"elementor-post-date\">\n\t\t\tFebruary 20, 2019\t\t<\/span>\n\t\t\t\t<\/div>\n\t\t\t\t\t<\/div>\n\t\t<\/article>\n\t\t\t\t<\/div>\n\t\t\n\t\t\t\t\t\t<\/div>\n\t\t\t\t<\/div>\n\t\t\t\t\t<\/div>\n\t\t<\/div>\n\t\t\t\t\t<\/div>\n\t\t<\/section>\n\t\t\t\t<\/div>","protected":false},"excerpt":{"rendered":"<p>News<\/p>","protected":false},"author":1,"featured_media":0,"parent":0,"menu_order":0,"comment_status":"closed","ping_status":"closed","template":"elementor_header_footer","meta":{"footnotes":""},"class_list":["post-694","page","type-page","status-publish","hentry"],"yoast_head":"<!-- This site is optimized with the Yoast SEO plugin v25.5 - https:\/\/yoast.com\/wordpress\/plugins\/seo\/ -->\n<title>Nyheter - V\u00f8ra Camping<\/title>\n<meta name=\"robots\" content=\"index, follow, max-snippet:-1, max-image-preview:large, max-video-preview:-1\" \/>\n<link rel=\"canonical\" href=\"https:\/\/voracamping.no\/en\/nyheter\/\" \/>\n<meta property=\"og:locale\" content=\"en_GB\" \/>\n<meta property=\"og:type\" content=\"article\" \/>\n<meta property=\"og:title\" content=\"Nyheter - V\u00f8ra Camping\" \/>\n<meta property=\"og:description\" content=\"Nyheter\" \/>\n<meta property=\"og:url\" content=\"https:\/\/voracamping.no\/en\/nyheter\/\" \/>\n<meta property=\"og:site_name\" content=\"V\u00f8ra Camping\" \/>\n<meta property=\"article:modified_time\" content=\"2022-08-04T11:07:44+00:00\" \/>\n<meta property=\"og:image\" content=\"https:\/\/voracamping.no\/wp-content\/uploads\/2022\/02\/vora-camping.jpg\" \/>\n\t<meta property=\"og:image:width\" content=\"2048\" \/>\n\t<meta property=\"og:image:height\" content=\"1152\" \/>\n\t<meta property=\"og:image:type\" content=\"image\/jpeg\" \/>\n<meta name=\"twitter:card\" content=\"summary_large_image\" \/>\n<meta name=\"twitter:label1\" content=\"Estimated reading time\" \/>\n\t<meta name=\"twitter:data1\" content=\"2 minutes\" \/>\n<!-- \/ Yoast SEO plugin. -->","yoast_head_json":{"title":"Nyheter - V\u00f8ra Camping","robots":{"index":"index","follow":"follow","max-snippet":"max-snippet:-1","max-image-preview":"max-image-preview:large","max-video-preview":"max-video-preview:-1"},"canonical":"https:\/\/voracamping.no\/en\/nyheter\/","og_locale":"en_GB","og_type":"article","og_title":"Nyheter - V\u00f8ra Camping","og_description":"Nyheter","og_url":"https:\/\/voracamping.no\/en\/nyheter\/","og_site_name":"V\u00f8ra Camping","article_modified_time":"2022-08-04T11:07:44+00:00","og_image":[{"width":2048,"height":1152,"url":"https:\/\/voracamping.no\/wp-content\/uploads\/2022\/02\/vora-camping.jpg","type":"image\/jpeg"}],"twitter_card":"summary_large_image","twitter_misc":{"Estimated reading time":"2 minutes"},"schema":{"@context":"https:\/\/schema.org","@graph":[{"@type":"WebPage","@id":"https:\/\/voracamping.no\/nyheter\/","url":"https:\/\/voracamping.no\/nyheter\/","name":"Nyheter - V\u00f8ra Camping","isPartOf":{"@id":"https:\/\/voracamping.no\/#website"},"datePublished":"2022-01-24T10:30:35+00:00","dateModified":"2022-08-04T11:07:44+00:00","breadcrumb":{"@id":"https:\/\/voracamping.no\/nyheter\/#breadcrumb"},"inLanguage":"en-GB","potentialAction":[{"@type":"ReadAction","target":["https:\/\/voracamping.no\/nyheter\/"]}]},{"@type":"BreadcrumbList","@id":"https:\/\/voracamping.no\/nyheter\/#breadcrumb","itemListElement":[{"@type":"ListItem","position":1,"name":"Hjem","item":"https:\/\/voracamping.no\/"},{"@type":"ListItem","position":2,"name":"Nyheter"}]},{"@type":"WebSite","@id":"https:\/\/voracamping.no\/#website","url":"https:\/\/voracamping.no\/","name":"V\u00f8ra Camping","description":"Camping i Sandefjord","potentialAction":[{"@type":"SearchAction","target":{"@type":"EntryPoint","urlTemplate":"https:\/\/voracamping.no\/?s={search_term_string}"},"query-input":{"@type":"PropertyValueSpecification","valueRequired":true,"valueName":"search_term_string"}}],"inLanguage":"en-GB"}]}},"_links":{"self":[{"href":"https:\/\/voracamping.no\/en\/wp-json\/wp\/v2\/pages\/694","targetHints":{"allow":["GET"]}}],"collection":[{"href":"https:\/\/voracamping.no\/en\/wp-json\/wp\/v2\/pages"}],"about":[{"href":"https:\/\/voracamping.no\/en\/wp-json\/wp\/v2\/types\/page"}],"author":[{"embeddable":true,"href":"https:\/\/voracamping.no\/en\/wp-json\/wp\/v2\/users\/1"}],"replies":[{"embeddable":true,"href":"https:\/\/voracamping.no\/en\/wp-json\/wp\/v2\/comments?post=694"}],"version-history":[{"count":0,"href":"https:\/\/voracamping.no\/en\/wp-json\/wp\/v2\/pages\/694\/revisions"}],"wp:attachment":[{"href":"https:\/\/voracamping.no\/en\/wp-json\/wp\/v2\/media?parent=694"}],"curies":[{"name":"wp","href":"https:\/\/api.w.org\/{rel}","templated":true}]}}